{"id":4226,"date":"2021-11-14T12:02:40","date_gmt":"2021-11-14T11:02:40","guid":{"rendered":"https:\/\/albadia.es\/sectores\/"},"modified":"2022-04-04T19:01:18","modified_gmt":"2022-04-04T18:01:18","slug":"secteurs","status":"publish","type":"page","link":"https:\/\/albadia.es\/fr\/secteurs\/","title":{"rendered":"Secteurs"},"content":{"rendered":"<p>[vc_row equal_height=\u00a0\u00bbyes\u00a0\u00bb content_placement=\u00a0\u00bbtop\u00a0\u00bb css=\u00a0\u00bb.vc_custom_1641198342140{padding-top: 100px !important;}\u00a0\u00bb][vc_column width=\u00a0\u00bb1\/2&Prime;]<div class=\"aio-icon-component    style_2\"><div id=\"Info-box-wrap-2757\" class=\"aio-icon-box left-icon\" style=\"\"  ><div class=\"aio-icon-left\"><div class=\"ult-just-icon-wrapper  \"><div class=\"align-icon\" style=\"text-align:center;\">\n<div class=\"aio-icon-img \" style=\"font-size:80px;display:inline-block;\" data-animation=\"bounceIn\" data-animation-delay=\"03\">\n\t<img class=\"img-icon\" alt=\"null\" src=\"https:\/\/albadia.es\/wp-content\/uploads\/2022\/01\/albadia-001-1.png\"\/>\n<\/div><\/div><\/div><\/div><div class=\"aio-ibd-block\"><div class=\"aio-icon-header\" ><h3 class=\"aio-icon-title ult-responsive\"  data-ultimate-target='#Info-box-wrap-2757 .aio-icon-title'  data-responsive-json-new='{\"font-size\":\"\",\"line-height\":\"\"}'  style=\"\">Industrie et \u00e9nergie:<\/h3><\/div> <!-- header --><div class=\"aio-icon-description ult-responsive\"  data-ultimate-target='#Info-box-wrap-2757 .aio-icon-description'  data-responsive-json-new='{\"font-size\":\"\",\"line-height\":\"\"}'  style=\"\">Installations de production conventionnelles et renouvelables, transmission et distribution d&rsquo;\u00e9lectricit\u00e9, sous-stations, installations industrielles, mines, p\u00e9trochimie, agro-industrie.<\/div> <!-- description --><\/div> <!-- aio-ibd-block --><\/div> <!-- aio-icon-box --><\/div> <!-- aio-icon-component -->[\/vc_column][vc_column width=\u00a0\u00bb1\/2&Prime;]<div class=\"aio-icon-component    style_2\"><div id=\"Info-box-wrap-1499\" class=\"aio-icon-box left-icon\" style=\"\"  ><div class=\"aio-icon-left\"><div class=\"ult-just-icon-wrapper  \"><div class=\"align-icon\" style=\"text-align:center;\">\n<div class=\"aio-icon-img \" style=\"font-size:80px;display:inline-block;\" data-animation=\"bounceIn\" data-animation-delay=\"03\">\n\t<img class=\"img-icon\" alt=\"null\" src=\"https:\/\/albadia.es\/wp-content\/uploads\/2022\/01\/albadia-002.png\"\/>\n<\/div><\/div><\/div><\/div><div class=\"aio-ibd-block\"><div class=\"aio-icon-header\" ><h3 class=\"aio-icon-title ult-responsive\"  data-ultimate-target='#Info-box-wrap-1499 .aio-icon-title'  data-responsive-json-new='{\"font-size\":\"\",\"line-height\":\"\"}'  style=\"\">Eau et eaux us\u00e9es:<\/h3><\/div> <!-- header --><div class=\"aio-icon-description ult-responsive\"  data-ultimate-target='#Info-box-wrap-1499 .aio-icon-description'  data-responsive-json-new='{\"font-size\":\"\",\"line-height\":\"\"}'  style=\"\">Cycle int\u00e9gr\u00e9 de l&rsquo;eau : captage, potabilisation, dessalement, distribution, r\u00e9seaux d&rsquo;approvisionnement et d&rsquo;assainissement, traitement des eaux us\u00e9es, exploitation et maintenance. Supervision. Plans directeurs d&rsquo;ing\u00e9nierie.<\/div> <!-- description --><\/div> <!-- aio-ibd-block --><\/div> <!-- aio-icon-box --><\/div> <!-- aio-icon-component -->[\/vc_column][\/vc_row][vc_row equal_height=\u00a0\u00bbyes\u00a0\u00bb content_placement=\u00a0\u00bbtop\u00a0\u00bb css=\u00a0\u00bb.vc_custom_1641198681369{padding-top: 100px !important;}\u00a0\u00bb][vc_column width=\u00a0\u00bb1\/2&Prime;]<div class=\"aio-icon-component    style_2\"><div id=\"Info-box-wrap-3516\" class=\"aio-icon-box left-icon\" style=\"\"  ><div class=\"aio-icon-left\"><div class=\"ult-just-icon-wrapper  \"><div class=\"align-icon\" style=\"text-align:center;\">\n<div class=\"aio-icon-img \" style=\"font-size:80px;display:inline-block;\" data-animation=\"bounceIn\" data-animation-delay=\"03\">\n\t<img class=\"img-icon\" alt=\"null\" src=\"https:\/\/albadia.es\/wp-content\/uploads\/2022\/01\/albadia-003.png\"\/>\n<\/div><\/div><\/div><\/div><div class=\"aio-ibd-block\"><div class=\"aio-icon-header\" ><h3 class=\"aio-icon-title ult-responsive\"  data-ultimate-target='#Info-box-wrap-3516 .aio-icon-title'  data-responsive-json-new='{\"font-size\":\"\",\"line-height\":\"\"}'  style=\"\">Transport:<\/h3><\/div> <!-- header --><div class=\"aio-icon-description ult-responsive\"  data-ultimate-target='#Info-box-wrap-3516 .aio-icon-description'  data-responsive-json-new='{\"font-size\":\"\",\"line-height\":\"\"}'  style=\"\">Maritime (navires, ports et sauvetage maritime), ferroviaire (infrastructures, \u00e9quipements et signalisation), terrestre (bus, terminaux, syst\u00e8mes de contr\u00f4le urbain et interurbain).<\/div> <!-- description --><\/div> <!-- aio-ibd-block --><\/div> <!-- aio-icon-box --><\/div> <!-- aio-icon-component -->[\/vc_column][vc_column width=\u00a0\u00bb1\/2&Prime;]<div class=\"aio-icon-component    style_2\"><div id=\"Info-box-wrap-4645\" class=\"aio-icon-box left-icon\" style=\"\"  ><div class=\"aio-icon-left\"><div class=\"ult-just-icon-wrapper  \"><div class=\"align-icon\" style=\"text-align:center;\">\n<div class=\"aio-icon-img \" style=\"font-size:80px;display:inline-block;\" data-animation=\"bounceIn\" data-animation-delay=\"03\">\n\t<img class=\"img-icon\" alt=\"null\" src=\"https:\/\/albadia.es\/wp-content\/uploads\/2022\/01\/albadia-004.png\"\/>\n<\/div><\/div><\/div><\/div><div class=\"aio-ibd-block\"><div class=\"aio-icon-header\" ><h3 class=\"aio-icon-title ult-responsive\"  data-ultimate-target='#Info-box-wrap-4645 .aio-icon-title'  data-responsive-json-new='{\"font-size\":\"\",\"line-height\":\"\"}'  style=\"\">Construction navale:<\/h3><\/div> <!-- header --><div class=\"aio-icon-description ult-responsive\"  data-ultimate-target='#Info-box-wrap-4645 .aio-icon-description'  data-responsive-json-new='{\"font-size\":\"\",\"line-height\":\"\"}'  style=\"\">Fourniture de tous types de navires pour le transport, l&rsquo;industrie, la s\u00e9curit\u00e9 et la surveillance maritime (remorqueurs, ferries, navires pour l&rsquo;industrie off-shore, patrouilleurs, navires de p\u00eache, navires oc\u00e9anographiques).<\/div> <!-- description --><\/div> <!-- aio-ibd-block --><\/div> <!-- aio-icon-box --><\/div> <!-- aio-icon-component -->[\/vc_column][\/vc_row][vc_row equal_height=\u00a0\u00bbyes\u00a0\u00bb content_placement=\u00a0\u00bbmiddle\u00a0\u00bb css=\u00a0\u00bb.vc_custom_1636886974712{padding-top: 100px !important;}\u00a0\u00bb][vc_column width=\u00a0\u00bb1\/2&Prime;]<div class=\"aio-icon-component    style_2\"><div id=\"Info-box-wrap-9987\" class=\"aio-icon-box left-icon\" style=\"\"  ><div class=\"aio-icon-left\"><div class=\"ult-just-icon-wrapper  \"><div class=\"align-icon\" style=\"text-align:center;\">\n<div class=\"aio-icon-img \" style=\"font-size:80px;display:inline-block;\" data-animation=\"bounceIn\" data-animation-delay=\"03\">\n\t<img class=\"img-icon\" alt=\"null\" src=\"https:\/\/albadia.es\/wp-content\/uploads\/2022\/01\/albadia-005.png\"\/>\n<\/div><\/div><\/div><\/div><div class=\"aio-ibd-block\"><div class=\"aio-icon-header\" ><h3 class=\"aio-icon-title ult-responsive\"  data-ultimate-target='#Info-box-wrap-9987 .aio-icon-title'  data-responsive-json-new='{\"font-size\":\"\",\"line-height\":\"\"}'  style=\"\">Autres:<\/h3><\/div> <!-- header --><div class=\"aio-icon-description ult-responsive\"  data-ultimate-target='#Info-box-wrap-9987 .aio-icon-description'  data-responsive-json-new='{\"font-size\":\"\",\"line-height\":\"\"}'  style=\"\">Agriculture (syst\u00e8mes d&rsquo;irrigation, d\u00e9veloppement de p\u00f4les agricoles, serres), sant\u00e9 et \u00e9ducation (construction et \u00e9quipement d&rsquo;h\u00f4pitaux, de centres de formation professionnelle, d&rsquo;universit\u00e9s), protection civile (\u00e9quipements de lutte contre l&rsquo;incendie, sauvetage maritime, urgences), environnement (gestion des d\u00e9chets solides urbains), t\u00e9l\u00e9communications (syst\u00e8mes de s\u00e9curit\u00e9 des installations industrielles, surveillance maritime et des fronti\u00e8res).<\/div> <!-- description --><\/div> <!-- aio-ibd-block --><\/div> <!-- aio-icon-box --><\/div> <!-- aio-icon-component -->[\/vc_column][vc_column width=\u00a0\u00bb1\/2&Prime;][\/vc_column][\/vc_row][vc_row content_placement=\u00a0\u00bbmiddle\u00a0\u00bb disable_element=\u00a0\u00bbyes\u00a0\u00bb css=\u00a0\u00bb.vc_custom_1640119236570{padding-top: 55px !important;padding-bottom: 55px !important;}\u00a0\u00bb][vc_column][vc_row_inner equal_height=\u00a0\u00bbyes\u00a0\u00bb content_placement=\u00a0\u00bbmiddle\u00a0\u00bb][vc_column_inner width=\u00a0\u00bb1\/2&Prime; css=\u00a0\u00bb.vc_custom_1575899657192{margin-top: 30px !important;margin-right: 25px !important;margin-bottom: 30px !important;margin-left: 25px !important;padding-top: 40% !important;padding-bottom: 40% !important;background-image: url(https:\/\/albadia.es\/wp-content\/uploads\/2019\/11\/campaign-creators-f6Ma01blNmc-unsplash.jpg?id=1946) !important;background-position: center !important;background-repeat: no-repeat !important;background-size: cover !important;}\u00a0\u00bb][\/vc_column_inner][vc_column_inner width=\u00a0\u00bb1\/2&Prime; css=\u00a0\u00bb.vc_custom_1575390506246{margin-top: 30px !important;margin-bottom: 30px !important;}\u00a0\u00bb]<div id=\"ultimate-heading-937669f28fc846191\" class=\"uvc-heading ult-adjust-bottom-margin ultimate-heading-937669f28fc846191 uvc-3044  uvc-heading-default-font-sizes\" data-hspacer=\"no_spacer\"  data-halign=\"left\" style=\"text-align:left\"><div class=\"uvc-heading-spacer no_spacer\" style=\"top\"><\/div><div class=\"uvc-main-heading ult-responsive\"  data-ultimate-target='.uvc-heading.ultimate-heading-937669f28fc846191 h3'  data-responsive-json-new='{\"font-size\":\"\",\"line-height\":\"\"}' ><h3 style=\"font-weight:bold;color:#00452d;margin-bottom:20px;\">Sectores: En el planeta.<\/h3><\/div><div class=\"uvc-sub-heading ult-responsive\"  data-ultimate-target='.uvc-heading.ultimate-heading-937669f28fc846191 .uvc-sub-heading '  data-responsive-json-new='{\"font-size\":\"desktop:34px;\",\"line-height\":\"desktop:44px;\"}'  style=\"font-weight:bold;color:#222222;margin-bottom:30px;\"><\/p>\n<p>Lorem ipsum dolor sit amet, consectetur adipiscing elit. Ut elit tellus!<\/p>\n<p><\/div><\/div>[vc_column_text]Nulla a velit quis ex ornare rhoncus. Donec imperdiet risus justo, vel malesuada erat fermentum at. Morbi at laoreet mauris. Mauris lorem felis, gravida et vehicula congue, tempus vel justo.<\/p>\n<p>Lorem ipsum dolor sit amet, consectetur adipiscing elit. Ut elit tellus, luctus nec ullamcorper mattis, pulvinar dapibus\u00a0velit quis ex ornare rhoncus. Donec imperdiet risus justo, vel malesuada erat fermentum at. Morbi at laoreet mauris. Mauris lorem felis, gravida et vehicula congue, tempus vel justo.[\/vc_column_text][\/vc_column_inner][\/vc_row_inner][\/vc_column][\/vc_row][vc_row full_width=\u00a0\u00bbstretch_row\u00a0\u00bb disable_element=\u00a0\u00bbyes\u00a0\u00bb css=\u00a0\u00bb.vc_custom_1640119228514{padding-top: 80px !important;padding-bottom: 85px !important;background-color: #00452d !important;}\u00a0\u00bb][vc_column offset=\u00a0\u00bbvc_col-lg-offset-2 vc_col-lg-8 vc_col-md-offset-2 vc_col-md-8 vc_col-sm-offset-0 vc_col-xs-12&Prime;]<div id=\"ultimate-heading-869369f28fc8461d4\" class=\"uvc-heading ult-adjust-bottom-margin ultimate-heading-869369f28fc8461d4 uvc-2242  uvc-heading-default-font-sizes\" data-hspacer=\"no_spacer\"  data-halign=\"center\" style=\"text-align:center\"><div class=\"uvc-heading-spacer no_spacer\" style=\"top\"><\/div><div class=\"uvc-main-heading ult-responsive\"  data-ultimate-target='.uvc-heading.ultimate-heading-869369f28fc8461d4 h2'  data-responsive-json-new='{\"font-size\":\"\",\"line-height\":\"\"}' ><h2 style=\"font-weight:bold;color:#ffffff;margin-bottom:15px;\">Llamada a la acci\u00f3n<\/h2><\/div><div class=\"uvc-sub-heading ult-responsive\"  data-ultimate-target='.uvc-heading.ultimate-heading-869369f28fc8461d4 .uvc-sub-heading '  data-responsive-json-new='{\"font-size\":\"\",\"line-height\":\"\"}'  style=\"font-weight:normal;color:rgba(255,255,255,0.7);margin-bottom:30px;\"><\/p>\n<p>Morbi eget augue bibendum, faucibus mi et, scelerisque mauris. Aenean dapibus massa a sapien hendrerit molestie vitae eget leo. Etiam tristique urna nibh, nec rutrum mi eleifend facilisis. Quisque semper ante metus. In in convallis urna, ut aliquam mi!<\/p>\n<p><\/div><\/div><style type=\"text\/css\" data-type=\"the7_shortcodes-inline-css\">#default-btn-75dbab356833e90ed81cdfd7093b798d {\n  border-radius: 100px;\n  font-size: 16px;\n  line-height: 18px;\n}\n.btn-shadow#default-btn-75dbab356833e90ed81cdfd7093b798d {\n  box-shadow: 0 1px 6px rgba(0,0,0,0.12);\n  transition: box-shadow 0.2s ease-out, opacity 0.45s;\n}\n.btn-shadow#default-btn-75dbab356833e90ed81cdfd7093b798d:hover {\n  box-shadow: 0 5px 11px 0 rgba(0,0,0,0.18), 0 4px 15px 0 rgba(0,0,0,0.15);\n}\n.btn-3d#default-btn-75dbab356833e90ed81cdfd7093b798d:hover {\n  box-shadow: 0px 2px 0px 0px rgba(224,224,224,0.05);\n}\n.btn-flat#default-btn-75dbab356833e90ed81cdfd7093b798d {\n  box-shadow: none;\n}\n.btn-flat#default-btn-75dbab356833e90ed81cdfd7093b798d:hover {\n  box-shadow: none;\n}\n#default-btn-75dbab356833e90ed81cdfd7093b798d.ico-right-side > i {\n  margin-right: 0px;\n  margin-left: 8px;\n}\n#default-btn-75dbab356833e90ed81cdfd7093b798d > i {\n  margin-right: 8px;\n  font-size: 16px;\n}\n#default-btn-75dbab356833e90ed81cdfd7093b798d:not(:hover) {\n  border-width: 3px;\n  border-color: rgba(255,255,255,0.3) !important;\n  color: #ffffff;\n  background: none !important;\n  padding: 16px 10px 16px 10px;\n}\n#default-btn-75dbab356833e90ed81cdfd7093b798d:not(:hover) * {\n  color: #ffffff;\n}\n#default-btn-75dbab356833e90ed81cdfd7093b798d:hover {\n  border-width: 3px;\n  border-color: rgba(255,255,255,0.45) !important;\n  color: #ffffff;\n  background: rgba(255,255,255,0.05) !important;\n  padding: 16px 10px 16px 10px;\n}\n#default-btn-75dbab356833e90ed81cdfd7093b798d:hover * {\n  color: #ffffff;\n}\n#default-btn-75dbab356833e90ed81cdfd7093b798d.ico-right-side > i {\n  margin-right: 0px;\n  margin-left: 8px;\n}\n#default-btn-75dbab356833e90ed81cdfd7093b798d > i {\n  margin-right: 8px;\n}\n<\/style><div class=\"btn-align-center\"><a href=\"https:\/\/albadia.es\/contacto\/\" class=\"default-btn-shortcode dt-btn link-hover-off ico-right-side btn-flat \" id=\"default-btn-75dbab356833e90ed81cdfd7093b798d\" style=\"width:240px;\" title=\"Contactar\"><span>Contacta con nosotros<\/span><i class=\"icomoon-the7-font-the7-arrow-09\"><\/i><\/a><\/div>[\/vc_column][\/vc_row]<\/p>\n","protected":false},"excerpt":{"rendered":"<p>[vc_row equal_height=\u00a0\u00bbyes\u00a0\u00bb content_placement=\u00a0\u00bbtop\u00a0\u00bb css=\u00a0\u00bb.vc_custom_1641198342140{padding-top: 100px !important;}\u00a0\u00bb][vc_column width=\u00a0\u00bb1\/2&Prime;][\/vc_column][vc_column width=\u00a0\u00bb1\/2&Prime;][\/vc_column][\/vc_row][vc_row equal_height=\u00a0\u00bbyes\u00a0\u00bb content_placement=\u00a0\u00bbtop\u00a0\u00bb css=\u00a0\u00bb.vc_custom_1641198681369{padding-top: 100px !important;}\u00a0\u00bb][vc_column width=\u00a0\u00bb1\/2&Prime;][\/vc_column][vc_column width=\u00a0\u00bb1\/2&Prime;][\/vc_column][\/vc_row][vc_row equal_height=\u00a0\u00bbyes\u00a0\u00bb content_placement=\u00a0\u00bbmiddle\u00a0\u00bb css=\u00a0\u00bb.vc_custom_1636886974712{padding-top: 100px !important;}\u00a0\u00bb][vc_column width=\u00a0\u00bb1\/2&Prime;][\/vc_column][vc_column width=\u00a0\u00bb1\/2&Prime;][\/vc_column][\/vc_row][vc_row content_placement=\u00a0\u00bbmiddle\u00a0\u00bb disable_element=\u00a0\u00bbyes\u00a0\u00bb css=\u00a0\u00bb.vc_custom_1640119236570{padding-top: 55px !important;padding-bottom: 55px !important;}\u00a0\u00bb][vc_column][vc_row_inner equal_height=\u00a0\u00bbyes\u00a0\u00bb content_placement=\u00a0\u00bbmiddle\u00a0\u00bb][vc_column_inner width=\u00a0\u00bb1\/2&Prime; css=\u00a0\u00bb.vc_custom_1575899657192{margin-top: 30px !important;margin-right: 25px !important;margin-bottom: 30px !important;margin-left: 25px !important;padding-top: 40% !important;padding-bottom: 40% !important;background-image: url(https:\/\/albadia.es\/wp-content\/uploads\/2019\/11\/campaign-creators-f6Ma01blNmc-unsplash.jpg?id=1946) !important;background-position: center !important;background-repeat: no-repeat !important;background-size: cover !important;}\u00a0\u00bb][\/vc_column_inner][vc_column_inner width=\u00a0\u00bb1\/2&Prime; css=\u00a0\u00bb.vc_custom_1575390506246{margin-top:&hellip;<\/p>\n","protected":false},"author":2,"featured_media":4228,"parent":0,"menu_order":60,"comment_status":"closed","ping_status":"closed","template":"","meta":[],"_links":{"self":[{"href":"https:\/\/albadia.es\/fr\/wp-json\/wp\/v2\/pages\/4226"}],"collection":[{"href":"https:\/\/albadia.es\/fr\/wp-json\/wp\/v2\/pages"}],"about":[{"href":"https:\/\/albadia.es\/fr\/wp-json\/wp\/v2\/types\/page"}],"author":[{"embeddable":true,"href":"https:\/\/albadia.es\/fr\/wp-json\/wp\/v2\/users\/2"}],"replies":[{"embeddable":true,"href":"https:\/\/albadia.es\/fr\/wp-json\/wp\/v2\/comments?post=4226"}],"version-history":[{"count":3,"href":"https:\/\/albadia.es\/fr\/wp-json\/wp\/v2\/pages\/4226\/revisions"}],"predecessor-version":[{"id":4471,"href":"https:\/\/albadia.es\/fr\/wp-json\/wp\/v2\/pages\/4226\/revisions\/4471"}],"wp:featuredmedia":[{"embeddable":true,"href":"https:\/\/albadia.es\/fr\/wp-json\/wp\/v2\/media\/4228"}],"wp:attachment":[{"href":"https:\/\/albadia.es\/fr\/wp-json\/wp\/v2\/media?parent=4226"}],"curies":[{"name":"wp","href":"https:\/\/api.w.org\/{rel}","templated":true}]}}