{"id":4285,"date":"2021-11-14T14:00:22","date_gmt":"2021-11-14T13:00:22","guid":{"rendered":"https:\/\/albadia.es\/experiencia\/"},"modified":"2022-04-27T20:13:25","modified_gmt":"2022-04-27T19:13:25","slug":"experience","status":"publish","type":"page","link":"https:\/\/albadia.es\/fr\/experience\/","title":{"rendered":"Exp\u00e9rience"},"content":{"rendered":"<p>[vc_row][vc_column]\n\t\t\t<!-- START Experiencia REVOLUTION SLIDER 6.5.12 --><p class=\"rs-p-wp-fix\"><\/p>\n\t\t\t<rs-module-wrap id=\"rev_slider_5_1_wrapper\" data-source=\"gallery\" style=\"visibility:hidden;background:rgba(73,73,73,0);padding:;margin:0px auto;margin-top:0;margin-bottom:0;\">\n\t\t\t\t<rs-module id=\"rev_slider_5_1\" style=\"\" data-version=\"6.5.12\">\n\t\t\t\t\t<rs-slides>\n\t\t\t\t\t\t<rs-slide style=\"position: absolute;\" data-key=\"rs-27\" data-title=\"Proyecto 1\" data-thumb=\"\/\/albadia.es\/wp-content\/uploads\/2022\/03\/lancha-salvamento-100x50.jpg\" data-in=\"o:0;\" data-out=\"a:false;\">\n\t\t\t\t\t\t\t<img src=\"\/\/albadia.es\/wp-content\/plugins\/revslider\/public\/assets\/assets\/dummy.png\" alt=\"\" title=\"lancha-salvamento\" width=\"1843\" height=\"1228\" class=\"rev-slidebg tp-rs-img rs-lazyload\" data-lazyload=\"\/\/albadia.es\/wp-content\/uploads\/2022\/03\/lancha-salvamento.jpg\" data-no-retina>\n<!---->\t\t\t\t\t\t<\/rs-slide>\n\t\t\t\t\t\t<rs-slide style=\"position: absolute;\" data-key=\"rs-28\" data-title=\"Proyecto 2\" data-thumb=\"\/\/albadia.es\/wp-content\/uploads\/2022\/02\/slider-experiencia-1-100x50.jpg\" data-in=\"o:0;\" data-out=\"a:false;\">\n\t\t\t\t\t\t\t<img src=\"\/\/albadia.es\/wp-content\/plugins\/revslider\/public\/assets\/assets\/dummy.png\" alt=\"\" title=\"slider-experiencia-1\" width=\"2560\" height=\"1440\" class=\"rev-slidebg tp-rs-img rs-lazyload\" data-lazyload=\"\/\/albadia.es\/wp-content\/uploads\/2022\/02\/slider-experiencia-1.jpg\" data-no-retina>\n<!---->\t\t\t\t\t\t<\/rs-slide>\n\t\t\t\t\t\t<rs-slide style=\"position: absolute;\" data-key=\"rs-29\" data-title=\"Proyecto 3\" data-thumb=\"\/\/albadia.es\/wp-content\/uploads\/2022\/03\/emisor-scaled-100x50.jpg\" data-in=\"o:0;\" data-out=\"a:false;\">\n\t\t\t\t\t\t\t<img src=\"\/\/albadia.es\/wp-content\/plugins\/revslider\/public\/assets\/assets\/dummy.png\" alt=\"\" title=\"emisor\" width=\"2560\" height=\"1059\" class=\"rev-slidebg tp-rs-img rs-lazyload\" data-lazyload=\"\/\/albadia.es\/wp-content\/uploads\/2022\/03\/emisor-scaled.jpg\" data-no-retina>\n<!---->\t\t\t\t\t\t<\/rs-slide>\n\t\t\t\t\t\t<rs-slide style=\"position: absolute;\" data-key=\"rs-30\" data-title=\"Proyecto 4\" data-thumb=\"\/\/albadia.es\/wp-content\/uploads\/2022\/03\/barco-incendios-scaled-100x50.jpg\" data-in=\"o:0;\" data-out=\"a:false;\">\n\t\t\t\t\t\t\t<img src=\"\/\/albadia.es\/wp-content\/plugins\/revslider\/public\/assets\/assets\/dummy.png\" alt=\"\" title=\"barco-incendios\" width=\"2560\" height=\"1707\" class=\"rev-slidebg tp-rs-img rs-lazyload\" data-lazyload=\"\/\/albadia.es\/wp-content\/uploads\/2022\/03\/barco-incendios-scaled.jpg\" data-no-retina>\n<!---->\t\t\t\t\t\t<\/rs-slide>\n\t\t\t\t\t\t<rs-slide style=\"position: absolute;\" data-key=\"rs-31\" data-title=\"Proyecto 5\" data-thumb=\"\/\/albadia.es\/wp-content\/uploads\/2022\/03\/motor-barco-100x50.jpg\" data-in=\"o:0;\" data-out=\"a:false;\">\n\t\t\t\t\t\t\t<img src=\"\/\/albadia.es\/wp-content\/plugins\/revslider\/public\/assets\/assets\/dummy.png\" alt=\"\" title=\"motor-barco\" width=\"2268\" height=\"1512\" class=\"rev-slidebg tp-rs-img rs-lazyload\" data-lazyload=\"\/\/albadia.es\/wp-content\/uploads\/2022\/03\/motor-barco.jpg\" data-no-retina>\n<!---->\t\t\t\t\t\t<\/rs-slide>\n\t\t\t\t\t\t<rs-slide style=\"position: absolute;\" data-key=\"rs-43\" data-title=\"Proyecto 6\" data-thumb=\"\/\/albadia.es\/wp-content\/uploads\/2021\/12\/planta-2-scaled-100x50.jpg\" data-in=\"o:0;\" data-out=\"a:false;\">\n\t\t\t\t\t\t\t<img src=\"\/\/albadia.es\/wp-content\/plugins\/revslider\/public\/assets\/assets\/dummy.png\" alt=\"\" title=\"planta-2\" width=\"2560\" height=\"1920\" class=\"rev-slidebg tp-rs-img rs-lazyload\" data-lazyload=\"\/\/albadia.es\/wp-content\/uploads\/2021\/12\/planta-2-scaled.jpg\" data-no-retina>\n<!---->\t\t\t\t\t\t<\/rs-slide>\n\t\t\t\t\t\t<rs-slide style=\"position: absolute;\" data-key=\"rs-44\" data-title=\"Proyecto 7\" data-thumb=\"\/\/albadia.es\/wp-content\/uploads\/2022\/03\/gaseoducto-100x50.jpg\" data-in=\"o:0;\" data-out=\"a:false;\">\n\t\t\t\t\t\t\t<img src=\"\/\/albadia.es\/wp-content\/plugins\/revslider\/public\/assets\/assets\/dummy.png\" alt=\"\" title=\"gaseoducto\" width=\"1280\" height=\"853\" class=\"rev-slidebg tp-rs-img rs-lazyload\" data-lazyload=\"\/\/albadia.es\/wp-content\/uploads\/2022\/03\/gaseoducto.jpg\" data-no-retina>\n<!---->\t\t\t\t\t\t<\/rs-slide>\n\t\t\t\t\t<\/rs-slides>\n\t\t\t\t<\/rs-module>\n\t\t\t\t<script>\n\t\t\t\t\tsetREVStartSize({c: 'rev_slider_5_1',rl:[1240,1024,778,480],el:[750],gw:[1600],gh:[750],type:'standard',justify:'',layout:'fullwidth',mh:\"0\"});if (window.RS_MODULES!==undefined && window.RS_MODULES.modules!==undefined && window.RS_MODULES.modules[\"revslider51\"]!==undefined) {window.RS_MODULES.modules[\"revslider51\"].once = false;window.revapi5 = undefined;if (window.RS_MODULES.checkMinimal!==undefined) window.RS_MODULES.checkMinimal()}\n\t\t\t\t<\/script>\n\t\t\t<\/rs-module-wrap>\n\t\t\t<!-- END REVOLUTION SLIDER -->\n[\/vc_column][\/vc_row][vc_row content_placement=\u00a0\u00bbmiddle\u00a0\u00bb css=\u00a0\u00bb.vc_custom_1575390546273{padding-top: 55px !important;padding-bottom: 55px !important;}\u00a0\u00bb][vc_column][vc_row_inner equal_height=\u00a0\u00bbyes\u00a0\u00bb content_placement=\u00a0\u00bbmiddle\u00a0\u00bb][vc_column_inner width=\u00a0\u00bb1\/2&Prime; css=\u00a0\u00bb.vc_custom_1644519233050{margin-top: 30px !important;margin-right: 25px !important;margin-bottom: 30px !important;margin-left: 25px !important;padding-top: 40% !important;padding-bottom: 40% !important;background-image: url(https:\/\/albadia.es\/wp-content\/uploads\/2022\/01\/portfolio-proyectos.jpg?id=4026) !important;background-position: center !important;background-repeat: no-repeat !important;background-size: cover !important;}\u00a0\u00bb][\/vc_column_inner][vc_column_inner width=\u00a0\u00bb1\/2&Prime; css=\u00a0\u00bb.vc_custom_1575390506246{margin-top: 30px !important;margin-bottom: 30px !important;}\u00a0\u00bb]<div id=\"ultimate-heading-881869f28f6e9d54a\" class=\"uvc-heading ult-adjust-bottom-margin ultimate-heading-881869f28f6e9d54a uvc-6019  uvc-heading-default-font-sizes\" data-hspacer=\"no_spacer\"  data-halign=\"left\" style=\"text-align:left\"><div class=\"uvc-heading-spacer no_spacer\" style=\"top\"><\/div><div class=\"uvc-main-heading ult-responsive\"  data-ultimate-target='.uvc-heading.ultimate-heading-881869f28f6e9d54a h4'  data-responsive-json-new='{\"font-size\":\"\",\"line-height\":\"\"}' ><h4 style=\"font-weight:bold;color:#00452d;margin-bottom:20px;\">Avec le soutien d'un r\u00e9seau de partenaires internationaux, nous g\u00e9n\u00e9rons de la valeur et des avantages concurrentiels pour nos clients.<\/h4><\/div><\/div><div id=\"ultimate-heading-716069f28f6e9d599\" class=\"uvc-heading ult-adjust-bottom-margin ultimate-heading-716069f28f6e9d599 uvc-3478  uvc-heading-default-font-sizes\" data-hspacer=\"no_spacer\"  data-halign=\"left\" style=\"text-align:left\"><div class=\"uvc-heading-spacer no_spacer\" style=\"top\"><\/div><div class=\"uvc-main-heading ult-responsive\"  data-ultimate-target='.uvc-heading.ultimate-heading-716069f28f6e9d599 h4'  data-responsive-json-new='{\"font-size\":\"\",\"line-height\":\"\"}' ><h4 style=\"font-weight:bold;color:#00452d;margin-bottom:20px;\">Nous visons \u00e0 \u00eatre reconnus par nos clients et nos partenaires pour notre fiabilit\u00e9 et notre proactivit\u00e9 dans la g\u00e9n\u00e9ration de solutions.<\/h4><\/div><\/div>[vc_column_text][\/vc_column_text][\/vc_column_inner][\/vc_row_inner][\/vc_column][\/vc_row][vc_row full_width=\u00a0\u00bbstretch_row\u00a0\u00bb css=\u00a0\u00bb.vc_custom_1575377917194{padding-top: 80px !important;padding-bottom: 85px !important;background-color: #00452d !important;}\u00a0\u00bb][vc_column offset=\u00a0\u00bbvc_col-lg-offset-2 vc_col-lg-8 vc_col-md-offset-2 vc_col-md-8 vc_col-sm-offset-0 vc_col-xs-12&Prime;]<div id=\"ultimate-heading-910169f28f6e9d5df\" class=\"uvc-heading ult-adjust-bottom-margin ultimate-heading-910169f28f6e9d5df uvc-5910  uvc-heading-default-font-sizes\" data-hspacer=\"no_spacer\"  data-halign=\"center\" style=\"text-align:center\"><div class=\"uvc-heading-spacer no_spacer\" style=\"top\"><\/div><div class=\"uvc-main-heading ult-responsive\"  data-ultimate-target='.uvc-heading.ultimate-heading-910169f28f6e9d5df h2'  data-responsive-json-new='{\"font-size\":\"\",\"line-height\":\"\"}' ><h2 style=\"font-weight:bold;color:#ffffff;margin-bottom:15px;\">ALBADIA<\/h2><\/div><\/div>[\/vc_column][\/vc_row]<\/p>\n","protected":false},"excerpt":{"rendered":"<p>[vc_row][vc_column][\/vc_column][\/vc_row][vc_row content_placement=\u00a0\u00bbmiddle\u00a0\u00bb css=\u00a0\u00bb.vc_custom_1575390546273{padding-top: 55px !important;padding-bottom: 55px !important;}\u00a0\u00bb][vc_column][vc_row_inner equal_height=\u00a0\u00bbyes\u00a0\u00bb content_placement=\u00a0\u00bbmiddle\u00a0\u00bb][vc_column_inner width=\u00a0\u00bb1\/2&Prime; css=\u00a0\u00bb.vc_custom_1644519233050{margin-top: 30px !important;margin-right: 25px !important;margin-bottom: 30px !important;margin-left: 25px !important;padding-top: 40% !important;padding-bottom: 40% !important;background-image: url(https:\/\/albadia.es\/wp-content\/uploads\/2022\/01\/portfolio-proyectos.jpg?id=4026) !important;background-position: center !important;background-repeat: no-repeat !important;background-size: cover !important;}\u00a0\u00bb][\/vc_column_inner][vc_column_inner width=\u00a0\u00bb1\/2&Prime; css=\u00a0\u00bb.vc_custom_1575390506246{margin-top: 30px !important;margin-bottom: 30px !important;}\u00a0\u00bb][vc_column_text][\/vc_column_text][\/vc_column_inner][\/vc_row_inner][\/vc_column][\/vc_row][vc_row full_width=\u00a0\u00bbstretch_row\u00a0\u00bb css=\u00a0\u00bb.vc_custom_1575377917194{padding-top: 80px !important;padding-bottom: 85px !important;background-color: #00452d !important;}\u00a0\u00bb][vc_column offset=\u00a0\u00bbvc_col-lg-offset-2 vc_col-lg-8 vc_col-md-offset-2 vc_col-md-8 vc_col-sm-offset-0 vc_col-xs-12&Prime;][\/vc_column][\/vc_row]<\/p>\n","protected":false},"author":2,"featured_media":4228,"parent":0,"menu_order":60,"comment_status":"closed","ping_status":"closed","template":"","meta":[],"_links":{"self":[{"href":"https:\/\/albadia.es\/fr\/wp-json\/wp\/v2\/pages\/4285"}],"collection":[{"href":"https:\/\/albadia.es\/fr\/wp-json\/wp\/v2\/pages"}],"about":[{"href":"https:\/\/albadia.es\/fr\/wp-json\/wp\/v2\/types\/page"}],"author":[{"embeddable":true,"href":"https:\/\/albadia.es\/fr\/wp-json\/wp\/v2\/users\/2"}],"replies":[{"embeddable":true,"href":"https:\/\/albadia.es\/fr\/wp-json\/wp\/v2\/comments?post=4285"}],"version-history":[{"count":10,"href":"https:\/\/albadia.es\/fr\/wp-json\/wp\/v2\/pages\/4285\/revisions"}],"predecessor-version":[{"id":4583,"href":"https:\/\/albadia.es\/fr\/wp-json\/wp\/v2\/pages\/4285\/revisions\/4583"}],"wp:featuredmedia":[{"embeddable":true,"href":"https:\/\/albadia.es\/fr\/wp-json\/wp\/v2\/media\/4228"}],"wp:attachment":[{"href":"https:\/\/albadia.es\/fr\/wp-json\/wp\/v2\/media?parent=4285"}],"curies":[{"name":"wp","href":"https:\/\/api.w.org\/{rel}","templated":true}]}}