{"id":4296,"date":"2021-11-14T12:52:01","date_gmt":"2021-11-14T11:52:01","guid":{"rendered":"https:\/\/albadia.es\/presencia\/"},"modified":"2022-04-27T20:15:49","modified_gmt":"2022-04-27T19:15:49","slug":"presence","status":"publish","type":"page","link":"https:\/\/albadia.es\/fr\/presence\/","title":{"rendered":"Pr\u00e9sence"},"content":{"rendered":"<p>[vc_row css=\u00a0\u00bb.vc_custom_1636892403740{padding-top: 90px !important;}\u00a0\u00bb][vc_column]<div id=\"ultimate-heading-693169f28fabb01cd\" class=\"uvc-heading ult-adjust-bottom-margin ultimate-heading-693169f28fabb01cd uvc-1963 \" data-hspacer=\"no_spacer\"  data-halign=\"center\" style=\"text-align:center\"><div class=\"uvc-heading-spacer no_spacer\" style=\"top\"><\/div><div class=\"uvc-main-heading ult-responsive\"  data-ultimate-target='.uvc-heading.ultimate-heading-693169f28fabb01cd h1'  data-responsive-json-new='{\"font-size\":\"desktop:44px;\",\"line-height\":\"desktop:54px;\"}' ><h1 style=\"font-weight:bold;color:#00452d;margin-bottom:20px;\">PR\u00c9SENCE<\/h1><\/div><div class=\"uvc-sub-heading ult-responsive\"  data-ultimate-target='.uvc-heading.ultimate-heading-693169f28fabb01cd .uvc-sub-heading '  data-responsive-json-new='{\"font-size\":\"desktop:34px;\",\"line-height\":\"desktop:44px;\"}'  style=\"font-weight:bold;color:#222222;margin-bottom:30px;\">L&rsquo;\u00e9quipe d&rsquo;Albadia poss\u00e8de de l&rsquo;exp\u00e9rience et a d\u00e9velopp\u00e9 des op\u00e9rations sur 4 continents:<\/div><\/div>[\/vc_column][\/vc_row][vc_row full_width=\u00a0\u00bbstretch_row_content\u00a0\u00bb content_placement=\u00a0\u00bbmiddle\u00a0\u00bb css=\u00a0\u00bb.vc_custom_1642569641606{padding-top: 50px !important;}\u00a0\u00bb][vc_column][vc_column_text]<div id=\"image-map-pro-5133\"><\/div>[\/vc_column_text][\/vc_column][\/vc_row]<\/p>\n","protected":false},"excerpt":{"rendered":"<p>[vc_row css=\u00a0\u00bb.vc_custom_1636892403740{padding-top: 90px !important;}\u00a0\u00bb][vc_column][\/vc_column][\/vc_row][vc_row full_width=\u00a0\u00bbstretch_row_content\u00a0\u00bb content_placement=\u00a0\u00bbmiddle\u00a0\u00bb css=\u00a0\u00bb.vc_custom_1642569641606{padding-top: 50px !important;}\u00a0\u00bb][vc_column][vc_column_text][\/vc_column_text][\/vc_column][\/vc_row]<\/p>\n","protected":false},"author":2,"featured_media":4228,"parent":0,"menu_order":60,"comment_status":"closed","ping_status":"closed","template":"","meta":[],"_links":{"self":[{"href":"https:\/\/albadia.es\/fr\/wp-json\/wp\/v2\/pages\/4296"}],"collection":[{"href":"https:\/\/albadia.es\/fr\/wp-json\/wp\/v2\/pages"}],"about":[{"href":"https:\/\/albadia.es\/fr\/wp-json\/wp\/v2\/types\/page"}],"author":[{"embeddable":true,"href":"https:\/\/albadia.es\/fr\/wp-json\/wp\/v2\/users\/2"}],"replies":[{"embeddable":true,"href":"https:\/\/albadia.es\/fr\/wp-json\/wp\/v2\/comments?post=4296"}],"version-history":[{"count":6,"href":"https:\/\/albadia.es\/fr\/wp-json\/wp\/v2\/pages\/4296\/revisions"}],"predecessor-version":[{"id":4584,"href":"https:\/\/albadia.es\/fr\/wp-json\/wp\/v2\/pages\/4296\/revisions\/4584"}],"wp:featuredmedia":[{"embeddable":true,"href":"https:\/\/albadia.es\/fr\/wp-json\/wp\/v2\/media\/4228"}],"wp:attachment":[{"href":"https:\/\/albadia.es\/fr\/wp-json\/wp\/v2\/media?parent=4296"}],"curies":[{"name":"wp","href":"https:\/\/api.w.org\/{rel}","templated":true}]}}