{"id":4350,"date":"2012-11-12T16:35:52","date_gmt":"2012-11-12T15:35:52","guid":{"rendered":"https:\/\/albadia.es\/aviso-legal\/"},"modified":"2022-04-27T20:21:09","modified_gmt":"2022-04-27T19:21:09","slug":"avis-juridique","status":"publish","type":"page","link":"https:\/\/albadia.es\/fr\/avis-juridique\/","title":{"rendered":"Avis Juridique"},"content":{"rendered":"<h3>Identit\u00e9 du propri\u00e9taire du site web<\/h3>\n<p>Conform\u00e9ment \u00e0 l&rsquo;obligation g\u00e9n\u00e9rale d&rsquo;information contenue dans l&rsquo;article 10 de la loi 34\/2002, du 11 juillet, sur les services de la soci\u00e9t\u00e9 de l&rsquo;information et le commerce \u00e9lectronique, et dans la loi organique 15\/1999, du 13 d\u00e9cembre, sur la protection des donn\u00e9es, nous vous informons que les donn\u00e9es d&rsquo;identification du propri\u00e9taire du portail www.albadia.es (ci-apr\u00e8s le \u00ab\u00a0site web\u00a0\u00bb ou \u00ab\u00a0le site\u00a0\u00bb) sont les suivantes :<\/p>\n<p>ALBADIA DESARROLLO , S.L.<br \/>\n<span style=\"word-spacing: normal;\">C\/ Valle de Esteribar 2<br \/>\n<\/span><span style=\"word-spacing: normal;\">28692 VILLANUEVA DE LA CA\u00d1ADA-MADRID<br \/>\n<\/span><span style=\"word-spacing: normal;\">CIF: B86257078<\/span><\/p>\n<p>ALBADIA DESARROLLO S.L. assumera, \u00e0 tout moment, les dispositions de la Loi Organique 15\/1999, du 13 d\u00e9cembre, sur la Protection des Donn\u00e9es Personnelles et la r\u00e9glementation de d\u00e9veloppement, et garantira la confidentialit\u00e9 des donn\u00e9es personnelles en garantissant leur s\u00e9curit\u00e9, par cons\u00e9quent, elle informe l&rsquo;Utilisateur qu&rsquo;elle a adopt\u00e9 les moyens techniques \u00e0 sa disposition pour \u00e9viter la perte, le mauvais usage, l&rsquo;alt\u00e9ration, l&rsquo;acc\u00e8s non autoris\u00e9 et le vol des donn\u00e9es personnelles que l&rsquo;Utilisateur a fournies \u00e0 travers le site web, ainsi que les niveaux de s\u00e9curit\u00e9 requis pour la protection des fichiers qui sont de son enti\u00e8re responsabilit\u00e9.<\/p>\n<p>Occasionnellement, l&rsquo;utilisateur peut fournir ses donn\u00e9es personnelles, soit volontairement, soit \u00e0 la demande, par le moyen de l&rsquo;un des formulaires existants sur le site web, aux fins suivantes :<\/p>\n<p>R\u00e9pondre\/traiter vos demandes de renseignements, de suggestions, de plaintes et\/ou de r\u00e9clamations concernant les services et\/ou les produits qui vous int\u00e9ressent et qui sont propos\u00e9s par ALBADIA DESARROLLO S.L.. \u00e0 travers ce site web ; ainsi que toute activit\u00e9 n\u00e9cessaire \u00e0 la gestion de celui-ci, demander des informations, pouvoir envoyer des informations techniques et commerciales, pouvant ainsi offrir un meilleur service \u00e0 nos clients, des informations et\/ou de la documentation sur les produits et\/ou services demand\u00e9s par l&rsquo;utilisateur et\/ou commercialis\u00e9s par ALBADIA DESARROLLO S.L. \u00e0 travers diff\u00e9rents moyens, y compris \u00e9lectroniques (courrier \u00e9lectronique et t\u00e9l\u00e9phonie mobile), pouvant s&rsquo;opposer au traitement de vos donn\u00e9es personnelles \u00e0 ces fins.<\/p>\n","protected":false},"excerpt":{"rendered":"<p>Identit\u00e9 du propri\u00e9taire du site web Conform\u00e9ment \u00e0 l&rsquo;obligation g\u00e9n\u00e9rale d&rsquo;information contenue dans l&rsquo;article 10 de la loi 34\/2002, du 11 juillet, sur les services de la soci\u00e9t\u00e9 de l&rsquo;information et le commerce \u00e9lectronique, et dans la loi organique 15\/1999, du 13 d\u00e9cembre, sur la protection des donn\u00e9es, nous vous informons que les donn\u00e9es d&rsquo;identification&hellip;<\/p>\n","protected":false},"author":1,"featured_media":0,"parent":0,"menu_order":0,"comment_status":"closed","ping_status":"closed","template":"","meta":[],"_links":{"self":[{"href":"https:\/\/albadia.es\/fr\/wp-json\/wp\/v2\/pages\/4350"}],"collection":[{"href":"https:\/\/albadia.es\/fr\/wp-json\/wp\/v2\/pages"}],"about":[{"href":"https:\/\/albadia.es\/fr\/wp-json\/wp\/v2\/types\/page"}],"author":[{"embeddable":true,"href":"https:\/\/albadia.es\/fr\/wp-json\/wp\/v2\/users\/1"}],"replies":[{"embeddable":true,"href":"https:\/\/albadia.es\/fr\/wp-json\/wp\/v2\/comments?post=4350"}],"version-history":[{"count":5,"href":"https:\/\/albadia.es\/fr\/wp-json\/wp\/v2\/pages\/4350\/revisions"}],"predecessor-version":[{"id":4587,"href":"https:\/\/albadia.es\/fr\/wp-json\/wp\/v2\/pages\/4350\/revisions\/4587"}],"wp:attachment":[{"href":"https:\/\/albadia.es\/fr\/wp-json\/wp\/v2\/media?parent=4350"}],"curies":[{"name":"wp","href":"https:\/\/api.w.org\/{rel}","templated":true}]}}