{"id":4356,"date":"2021-11-16T17:31:47","date_gmt":"2021-11-16T16:31:47","guid":{"rendered":"https:\/\/albadia.es\/politica-de-privacidad\/"},"modified":"2022-04-27T20:24:15","modified_gmt":"2022-04-27T19:24:15","slug":"politique-de-confidentialite","status":"publish","type":"page","link":"https:\/\/albadia.es\/fr\/politique-de-confidentialite\/","title":{"rendered":"Politique de confidentialit\u00e9"},"content":{"rendered":"<p>Conform\u00e9ment au r\u00e8glement (UE) 2016\/679 du Parlement europ\u00e9en et du Conseil du 27 avril 2016 relatif \u00e0 la protection des personnes physiques \u00e0 l&rsquo;\u00e9gard du traitement des donn\u00e9es \u00e0 caract\u00e8re personnel, abrogeant la directive 95\/46\/CE (ci-apr\u00e8s, GDPR), de la loi 34\/2002, du 11 juillet, sur les services de la soci\u00e9t\u00e9 de l&rsquo;information et le commerce \u00e9lectronique (ci-apr\u00e8s, LSSI-CE) et de la loi organique 3\/2018, sur la protection des donn\u00e9es personnelles et la garantie des droits num\u00e9riques (ci-apr\u00e8s, LOPDGDD), Albadia Desarrollo, S. L. garantit la protection et la confidentialit\u00e9 des donn\u00e9es personnelles de toute nature fournies par nos clients, conform\u00e9ment aux dispositions du R\u00e8glement g\u00e9n\u00e9ral sur la protection des donn\u00e9es personnelles.<\/p>\n<p>Les donn\u00e9es fournies seront trait\u00e9es dans les termes \u00e9tablis dans le RGPD, dans ce sens Albadia Desarrollo, S.L. a adopt\u00e9 les niveaux de protection l\u00e9galement requis, et a install\u00e9 toutes les mesures techniques \u00e0 sa port\u00e9e pour \u00e9viter la perte, la mauvaise utilisation, l&rsquo;alt\u00e9ration, l&rsquo;acc\u00e8s non autoris\u00e9 par des tiers, comme indiqu\u00e9 ci-dessous. Toutefois, l&rsquo;utilisateur doit \u00eatre conscient que les mesures de s\u00e9curit\u00e9 sur Internet ne sont pas inexpugnables.<\/p>\n<p><strong>Responsable du traitement<\/strong><\/p>\n<p>ALBADIA DESARROLLO , S.L.<br \/>\n<span style=\"word-spacing: normal;\">C\/ Valle de Esteribar 2<br \/>\n<\/span><span style=\"word-spacing: normal;\">28692 VILLANUEVA DE LA CA\u00d1ADA-MADRID<br \/>\n<\/span><span style=\"word-spacing: normal;\">CIF: B86257078<br \/>\n<\/span><span style=\"word-spacing: normal;\">Telefone: +34 917 140 844<br \/>\n<\/span><span style=\"word-spacing: normal;\">E-mail: info@albadia.es<\/span><\/p>\n<p><strong>Objectif du traitement<\/strong><\/p>\n<p>Toutes les donn\u00e9es fournies par nos clients et\/ou visiteurs du site web d&rsquo;Albadia Desarrollo, S.L. ou de son personnel seront incluses dans le registre des activit\u00e9s de traitement des donn\u00e9es personnelles, cr\u00e9\u00e9 et maintenu sous la responsabilit\u00e9 d&rsquo;Albadia Desarrollo, S.L., qui est indispensable pour fournir les services demand\u00e9s par les utilisateurs, ou pour r\u00e9soudre les doutes ou les questions pos\u00e9es par nos visiteurs. Notre politique consiste \u00e0 ne pas cr\u00e9er de profils des utilisateurs de nos services.<\/p>\n<p><strong>L\u00e9gitimit\u00e9 du traitement<\/strong><\/p>\n<p>Relation contractuelle : il s&rsquo;agit de celle qui s&rsquo;applique lorsque vous achetez l&rsquo;un de nos produits ou souscrivez l&rsquo;un de nos services.<\/p>\n<p>Int\u00e9r\u00eat l\u00e9gitime : pour traiter les demandes et les plaintes que vous nous adressez et pour g\u00e9rer le recouvrement des sommes dues.<\/p>\n<p>Votre consentement : Si vous \u00eates un utilisateur de notre site web, en cochant la case du formulaire de contact, vous nous autorisez \u00e0 vous envoyer les communications n\u00e9cessaires pour r\u00e9pondre \u00e0 votre requ\u00eate ou demande d&rsquo;information.<\/p>\n<p><strong>B\u00e9n\u00e9ficiaires<\/strong><\/p>\n<p>Nous ne transmettons vos donn\u00e9es personnelles \u00e0 personne, \u00e0 l&rsquo;exception des entit\u00e9s publiques ou priv\u00e9es auxquelles nous sommes oblig\u00e9s de fournir vos donn\u00e9es personnelles pour nous conformer \u00e0 la loi. Par exemple, la loi fiscale nous oblige \u00e0 fournir \u00e0 l&rsquo;Agence fiscale certaines informations sur les transactions financi\u00e8res d\u00e9passant un certain montant.<\/p>\n<p>Dans le cas o\u00f9, en dehors des cas susmentionn\u00e9s, nous devrions divulguer vos informations personnelles \u00e0 d&rsquo;autres entit\u00e9s, nous vous demanderons votre autorisation pr\u00e9alable par le biais d&rsquo;options claires qui vous permettront de d\u00e9cider \u00e0 cet \u00e9gard.<\/p>\n<p><strong>Communication<\/strong><\/p>\n<p>Nous n&rsquo;effectuerons pas de transferts internationaux de vos donn\u00e9es personnelles pour l&rsquo;une des raisons susmentionn\u00e9es.<\/p>\n<p><strong>R\u00e9tention<\/strong><\/p>\n<p>Nous ne conserverons vos donn\u00e9es personnelles que le temps n\u00e9cessaire \u00e0 la r\u00e9alisation des objectifs pour lesquels elles ont \u00e9t\u00e9 collect\u00e9es. Pour d\u00e9terminer la p\u00e9riode de conservation appropri\u00e9e, nous tenons compte des risques li\u00e9s au traitement, ainsi que de nos obligations contractuelles, l\u00e9gales et r\u00e9glementaires, de nos politiques internes de conservation des donn\u00e9es et de nos int\u00e9r\u00eats commerciaux l\u00e9gitimes, tels que d\u00e9crits dans le pr\u00e9sent avis de confidentialit\u00e9 et la politique en mati\u00e8re de cookies.<\/p>\n<p>En ce sens, Albadia Desarrollo, S.L. conservera les donn\u00e9es personnelles une fois sa relation avec vous termin\u00e9e, d\u00fbment bloqu\u00e9e, pendant la p\u00e9riode de prescription des actions pouvant d\u00e9couler de la relation maintenue avec l&rsquo;int\u00e9ress\u00e9.<\/p>\n<p>Une fois bloqu\u00e9es, vos donn\u00e9es seront inaccessibles \u00e0 Albadia Desarrollo, S.L., et ne seront pas trait\u00e9es, sauf pour les mettre \u00e0 la disposition des administrations publiques, des juges et des tribunaux, pour l&rsquo;attention des \u00e9ventuelles responsabilit\u00e9s d\u00e9coulant du traitement, ainsi que pour l&rsquo;exercice et la d\u00e9fense des r\u00e9clamations devant l&rsquo;Agence espagnole de protection des donn\u00e9es.<\/p>\n<p><strong>S\u00e9curit\u00e9<\/strong><\/p>\n<p>Nous d\u00e9ployons tous les efforts raisonnables pour pr\u00e9server la confidentialit\u00e9 des informations personnelles trait\u00e9es dans nos syst\u00e8mes. Nous maintenons des niveaux de s\u00e9curit\u00e9 stricts pour prot\u00e9ger les donn\u00e9es personnelles que nous traitons contre la perte accidentelle et contre l&rsquo;acc\u00e8s, le traitement ou la divulgation non autoris\u00e9s, en tenant compte de l&rsquo;\u00e9tat de la technologie et de la nature et des risques auxquels les donn\u00e9es sont expos\u00e9es. Toutefois, nous ne pouvons \u00eatre tenus responsables de l&rsquo;utilisation des donn\u00e9es (y compris votre nom d&rsquo;utilisateur et votre mot de passe) que vous utilisez sur notre site web. Notre personnel suit des r\u00e8gles strictes en mati\u00e8re de protection de la vie priv\u00e9e et, lorsque nous employons des tiers pour fournir des services d&rsquo;assistance, nous exigeons qu&rsquo;ils respectent les m\u00eames r\u00e8gles et nous autorisons un audit de leur conformit\u00e9.<\/p>\n<p><strong>Vos droits<\/strong><\/p>\n<p>Veuillez noter que vous pouvez exercer les droits suivants :<\/p>\n<p>Droit d&rsquo;acc\u00e8s \u00e0 vos donn\u00e9es personnelles, de savoir quelles donn\u00e9es personnelles sont trait\u00e9es et les op\u00e9rations de traitement effectu\u00e9es sur celles-ci ;<\/p>\n<p>Le droit de rectifier toute donn\u00e9e personnelle inexacte ;<\/p>\n<p>Droit \u00e0 l&rsquo;effacement de vos donn\u00e9es personnelles, lorsque cela est possible (par exemple, en vertu de la loi) ;<\/p>\n<p>Le droit de restreindre le traitement de vos donn\u00e9es personnelles lorsque l&rsquo;exactitude, la l\u00e9galit\u00e9 ou la n\u00e9cessit\u00e9 du traitement des donn\u00e9es est mise en doute, auquel cas nous pouvons conserver les donn\u00e9es afin de poursuivre ou de d\u00e9fendre des r\u00e9clamations.<\/p>\n<p>Le droit de s&rsquo;opposer au traitement de vos donn\u00e9es personnelles, lorsque la base juridique qui nous permet de les traiter est notre int\u00e9r\u00eat l\u00e9gitime. \u00ab\u00a0Nom_de_la_soci\u00e9t\u00e9\u00a0\u00bb cessera de traiter vos donn\u00e9es, \u00e0 moins qu&rsquo;elle n&rsquo;ait un int\u00e9r\u00eat l\u00e9gitime ou que cela soit n\u00e9cessaire pour la d\u00e9fense des revendications.<\/p>\n<p>Droit \u00e0 la portabilit\u00e9 de vos donn\u00e9es, lorsque la base juridique qui nous permet de les traiter est l&rsquo;existence d&rsquo;une relation contractuelle ou votre consentement.<\/p>\n<p>Le droit de r\u00e9voquer le consentement donn\u00e9 \u00e0 Albadia Desarrollo, S.L.<\/p>\n<p>Pour exercer vos droits, vous pouvez le faire gratuitement et \u00e0 tout moment en nous contactant au 20-22 Wenlock Road, en joignant une copie de votre carte d&rsquo;identit\u00e9.<\/p>\n<p><strong>La tutelle des droits<\/strong><\/p>\n<p>Dans le cas o\u00f9 vous estimez que vos droits n&rsquo;ont pas \u00e9t\u00e9 respect\u00e9s par notre entit\u00e9, vous pouvez d\u00e9poser une plainte aupr\u00e8s de l&rsquo;Agence espagnole de protection des donn\u00e9es, par l&rsquo;un des moyens suivants :<\/p>\n<p>Site \u00e9lectronique : https:\/\/www.aepd.es<\/p>\n<p>Courrier postal : Agencia Espa\u00f1ola de Protecci\u00f3n de Datos, C\/ Jorge Juan, 6, 28001, Madrid<\/p>\n<p>T\u00e9l\u00e9phone : 901.100.099 y 912.663.517<\/p>\n<p>Le d\u00e9p\u00f4t d&rsquo;une plainte aupr\u00e8s de l&rsquo;Agence espagnole de protection des donn\u00e9es n&rsquo;entra\u00eene aucun co\u00fbt et l&rsquo;assistance d&rsquo;un avocat ou d&rsquo;un notaire n&rsquo;est pas n\u00e9cessaire.<\/p>\n<p><strong>Mises \u00e0 jour<\/strong><\/p>\n<p>Albadia Desarrollo, S.L. se r\u00e9serve le droit de modifier cette politique afin de l&rsquo;adapter aux nouveaux d\u00e9veloppements l\u00e9gaux ou jurisprudentiels qui pourraient affecter son respect.<\/p>\n<p><span style=\"word-spacing: normal;\">.<\/span><\/p>\n","protected":false},"excerpt":{"rendered":"<p>Conform\u00e9ment au r\u00e8glement (UE) 2016\/679 du Parlement europ\u00e9en et du Conseil du 27 avril 2016 relatif \u00e0 la protection des personnes physiques \u00e0 l&rsquo;\u00e9gard du traitement des donn\u00e9es \u00e0 caract\u00e8re personnel, abrogeant la directive 95\/46\/CE (ci-apr\u00e8s, GDPR), de la loi 34\/2002, du 11 juillet, sur les services de la soci\u00e9t\u00e9 de l&rsquo;information et le commerce&hellip;<\/p>\n","protected":false},"author":2,"featured_media":0,"parent":0,"menu_order":0,"comment_status":"closed","ping_status":"closed","template":"","meta":[],"_links":{"self":[{"href":"https:\/\/albadia.es\/fr\/wp-json\/wp\/v2\/pages\/4356"}],"collection":[{"href":"https:\/\/albadia.es\/fr\/wp-json\/wp\/v2\/pages"}],"about":[{"href":"https:\/\/albadia.es\/fr\/wp-json\/wp\/v2\/types\/page"}],"author":[{"embeddable":true,"href":"https:\/\/albadia.es\/fr\/wp-json\/wp\/v2\/users\/2"}],"replies":[{"embeddable":true,"href":"https:\/\/albadia.es\/fr\/wp-json\/wp\/v2\/comments?post=4356"}],"version-history":[{"count":5,"href":"https:\/\/albadia.es\/fr\/wp-json\/wp\/v2\/pages\/4356\/revisions"}],"predecessor-version":[{"id":4589,"href":"https:\/\/albadia.es\/fr\/wp-json\/wp\/v2\/pages\/4356\/revisions\/4589"}],"wp:attachment":[{"href":"https:\/\/albadia.es\/fr\/wp-json\/wp\/v2\/media?parent=4356"}],"curies":[{"name":"wp","href":"https:\/\/api.w.org\/{rel}","templated":true}]}}