{"id":4389,"date":"2021-11-16T17:33:11","date_gmt":"2021-11-16T16:33:11","guid":{"rendered":"https:\/\/albadia.es\/tus-datos-personales\/"},"modified":"2022-04-04T20:51:33","modified_gmt":"2022-04-04T19:51:33","slug":"vos-donnees-personnelles","status":"publish","type":"page","link":"https:\/\/albadia.es\/fr\/vos-donnees-personnelles\/","title":{"rendered":"Vos donn\u00e9es personnelles"},"content":{"rendered":"<p>Desde este apartado puedes acceder a la informaci\u00f3n guardada en este sitio; ejercer tu derecho a ser olvidado; ejercer tu derecho a rectificaci\u00f3n y modificaci\u00f3n de datos.<\/p>\n\n<div class=\"ct-ultimate-gdpr-container ct-ultimate-gdpr-my-account  ct-ultimate-gdpr-simple-form\">\n\n\t\n    <div id=\"tabs\">\n        <ul>\n                        <li>\n                <a href=\"#tabs-1\">\n\t\t\t\t\tAcc\u00e8s aux donn\u00e9es personnelles                <\/a>\n            <\/li>\n            <li>\n                <a href=\"#tabs-2\">\n\t\t\t\t\tDroit \u00e0 \u00eatre oubli\u00e9                <\/a>\n            <\/li>\n            <li>\n                <a href=\"#tabs-3\">\n\t\t\t\t\tRectification des donn\u00e9es                <\/a>\n            <\/li>\n\t\t\t                <li>\n                    <a href=\"#tabs-4\">\n\t\t\t\t\t\tSe d\u00e9sabonner                    <\/a>\n                <\/li>\n\t\t\t        <\/ul>\n\n        \n        <div id=\"tabs-1\">\n\n            <div class=\"ct-headerContent\">\n\t\t\t\tCi-dessous, vous pouvez demander que vos donn\u00e9es personnelles collect\u00e9es par ce site vous soient envoy\u00e9es par courrier \u00e9lectronique.            <\/div>\n\n            <form id=\"ct-ultimate-gdpr-data-access\" method=\"post\">\n                <label for=\"ct-ultimate-gdpr-email\">Email:<\/label>\n\t\t\t\t                    <input type=\"email\" name=\"ct-ultimate-gdpr-email\" value=\"\" required=\"\" id=\"ct-ultimate-gdpr-email\">\n\t\t\t\t                <label for=\"ct-ultimate-gdpr-consent-data-access\">\n                    <input type=\"checkbox\" id=\"ct-ultimate-gdpr-consent-data-access\"\n                           name=\"ct-ultimate-gdpr-consent-data-access\" required=\"\">\n                    <span class=\"ct-checkbox\"><\/span>\n\t\t\t\t\tJe consens \u00e0 ce que mon adresse de email soit collect\u00e9e afin de recevoir mes donn\u00e9es demand\u00e9es. Voir la page Politique de confidentialit\u00e9 pour plus d\u2019informations.                <\/label>\n\t\t\t\t\n\t\t\t\t\n                <input type=\"hidden\" name=\"ct-ultimate-gdpr-request-url\" value=\"https:\/\/albadia.es\/fr\/vos-donnees-personnelles\/\"\/>\n                <input type=\"submit\" name=\"ct-ultimate-gdpr-data-access-submit\"\n                       value=\"Envoyer\">\n\n            <\/form>\n        <\/div>\n\n        <div id=\"tabs-2\">\n            <div class=\"ct-headerContent\">\n                <p>Removal of your data will not limit in any way the system functionalities<\/p>                Ci-dessous, vous pouvez parcourir les services qui collectent vos donn\u00e9es personnelles sur ce site. V\u00e9rifiez les services que vous souhaitez \u00eatre oubli\u00e9 par. Cela enverra une demande \u00e0 l&#039;administrateur du site. Une fois cela fait, vous serez averti par email. &quot;            <\/div>\n\n            <form id=\"ct-ultimate-gdpr-forget\" method=\"post\">\n\n                <div class=\"ct-ultimate-gdpr-services-list\">\n\n\t\t\t\t\t                            <div class=\"ct-ultimate-gdpr-service-options\">\n                                <div class=\"ct-ultimate-gdpr-service-option\">\n                                    <input type=\"checkbox\" name=\"ct-ultimate-gdpr-service-forget[]\"\n                                           value=\"wp_comments\">\n                                    <span class=\"ct-checkbox\"><\/span>\n                                <\/div>\n                                <div class=\"ct-ultimate-gdpr-service-details\">\n                                    <div class=\"ct-ultimate-gdpr-service-title\">WP Comments<\/div>\n                                    <div class=\"ct-ultimate-gdpr-service-description\">Les commentaires WordPress sont des donn\u00e9es saisies par les utilisateurs dans les commentaires<\/div>\n                                <\/div>\n                            <\/div>\n\n\n\t\t\t\t\t\t                            <div class=\"ct-ultimate-gdpr-service-options\">\n                                <div class=\"ct-ultimate-gdpr-service-option\">\n                                    <input type=\"checkbox\" name=\"ct-ultimate-gdpr-service-forget[]\"\n                                           value=\"wp_posts\">\n                                    <span class=\"ct-checkbox\"><\/span>\n                                <\/div>\n                                <div class=\"ct-ultimate-gdpr-service-details\">\n                                    <div class=\"ct-ultimate-gdpr-service-title\">WordPress Posts<\/div>\n                                    <div class=\"ct-ultimate-gdpr-service-description\">Donn\u00e9es de l&#039;auteur dans les commentaires et publications<\/div>\n                                <\/div>\n                            <\/div>\n\n\n\t\t\t\t\t\t                            <div class=\"ct-ultimate-gdpr-service-options\">\n                                <div class=\"ct-ultimate-gdpr-service-option\">\n                                    <input type=\"checkbox\" name=\"ct-ultimate-gdpr-service-forget[]\"\n                                           value=\"wp_user\">\n                                    <span class=\"ct-checkbox\"><\/span>\n                                <\/div>\n                                <div class=\"ct-ultimate-gdpr-service-details\">\n                                    <div class=\"ct-ultimate-gdpr-service-title\">WP Donn\u00e9es utilisateur<\/div>\n                                    <div class=\"ct-ultimate-gdpr-service-description\">WordPress Les donn\u00e9es utilisateurs sont stock\u00e9es sous forme de m\u00e9tadonn\u00e9es utilisateur dans la base de donn\u00e9es<\/div>\n                                <\/div>\n                            <\/div>\n\n\n\t\t\t\t\t\t\n\n                    <div class=\"ct-ultimate-gdpr-services-email\">\n\n                        <label for=\"ct-ultimate-gdpr-forget-email\">Email:<\/label>\n\t\t\t\t\t\t                            <input type=\"email\" name=\"ct-ultimate-gdpr-email\" value=\"\" required=\"\"\n                                   id=\"ct-ultimate-gdpr-forget-email\">\n\t\t\t\t\t\t                    <\/div>\n\n                    <label for=\"ct-ultimate-gdpr-consent-forget-me\">\n                        <input type=\"checkbox\" id=\"ct-ultimate-gdpr-consent-forget-me\"\n                               name=\"ct-ultimate-gdpr-consent-forget-me\" required=\"\">\n                        <span class=\"ct-checkbox\"><\/span>\n\t\t\t\t\t\tJe consens \u00e0 ce que mon adresse email soit collect\u00e9e afin de traiter cette demande. Voir la page Politique de confidentialit\u00e9 pour plus d&#039;informations.                    <\/label>\n\t\t\t\t\t\n\t\t\t\t\t\n                    <input type=\"hidden\" name=\"ct-ultimate-gdpr-request-url\" value=\"https:\/\/albadia.es\/fr\/vos-donnees-personnelles\/\"\/>\n                    <input type=\"submit\" class=\"ct-ultimate-gdpr-forget-submitBtn\" name=\"ct-ultimate-gdpr-forget-submit\"\n                           value=\"Envoyer\">\n\n\n                <\/div>\n\n            <\/form>\n        <\/div>\n\n        <div id=\"tabs-3\">\n            <div class=\"ct-headerContent\">\n\t\t\t\tCi-dessous, vous pouvez envoyer une demande de rectification de vos donn\u00e9es par l&#039;administrateur du site. Entrez ce que vous souhaitez \u00eatre rectifi\u00e9. Une fois cela fait, vous serez averti par email.            <\/div>\n\n            <form id=\"ct-ultimate-gdpr-rectification\" method=\"post\">\n\n                <div class=\"ct-ultimate-gdpr-services-email\">\n\n                    <label for=\"ct-ultimate-gdpr-rectification-data-current\" class=\"ct-u-display-block\">\n\t\t\t\t\t\tDonn\u00e9es actuelles                    <\/label>\n                    <textarea\n                            name=\"ct-ultimate-gdpr-rectification-data-current\"\n                            rows=\"5\"\n                            required\n                            id=\"ct-ultimate-gdpr-rectification-data-current\"\n                    ><\/textarea>\n\n                <\/div>\n\n                <div class=\"ct-ultimate-gdpr-services-email\">\n\n                    <label for=\"ct-ultimate-gdpr-rectification-data-rectified\" class=\"ct-u-display-block\">\n\t\t\t\t\t\tDonn\u00e9es rectifi\u00e9es                    <\/label>\n                    <textarea\n                            name=\"ct-ultimate-gdpr-rectification-data-rectified\"\n                            rows=\"5\"\n                            required\n                            id=\"ct-ultimate-gdpr-rectification-data-rectified\"\n                    ><\/textarea>\n\n                <\/div>\n\n                <div class=\"ct-ultimate-gdpr-services-email\">\n\n                    <label for=\"ct-ultimate-gdpr-rectify-email\">Email:<\/label>\n\t\t\t\t\t                        <input\n                                type=\"email\"\n                                name=\"ct-ultimate-gdpr-email\"\n                                value=\"\"\n                                required=\"\"\n                                id=\"ct-ultimate-gdpr-rectify-email\"\n                        >\n\t\t\t\t\t                <\/div>\n\n                <label for=\"ct-ultimate-gdpr-consent-data-rectification\">\n                    <input type=\"checkbox\" id=\"ct-ultimate-gdpr-consent-data-rectification\"\n                           name=\"ct-ultimate-gdpr-consent-data-rectification\" required=\"\">\n                    <span class=\"ct-checkbox ct-ultimate-gdpr-simple-form\"><\/span>\n\t\t\t\t\tJe consens \u00e0 ce que mon adresse email soit collect\u00e9e afin de traiter cette demande. Voir la page Politique de confidentialit\u00e9 pour plus d&#039;informations.                <\/label>\n\t\t\t\t\n\t\t\t\t\n                <input type=\"hidden\" name=\"ct-ultimate-gdpr-request-url\" value=\"https:\/\/albadia.es\/fr\/vos-donnees-personnelles\/\"\/>\n                <input type=\"submit\" class=\"ct-ultimate-gdpr-forget-submitBtn\"\n                       name=\"ct-ultimate-gdpr-rectification-submit\"\n                       value=\"Envoyer\">\n\n\n            <\/form>\n        <\/div>\n\t\t            <div id=\"tabs-4\">\n                <div class=\"ct-headerContent\">\n                    <p>Removal of your data will not limit in any way the system functionalities<\/p>                    Ci-dessous, vous pouvez parcourir les services qui inscrivent les utilisateurs aux newsletters. V\u00e9rifiez les services dont vous souhaitez vous d\u00e9sabonner. L&#039;abonnement s&#039;arr\u00eatera imm\u00e9diatement.                <\/div>\n                <form id=\"ct-ultimate-gdpr-unsubscribe\" method=\"post\">\n                    <div class=\"ct-ultimate-gdpr-services-list\">\n\t\t\t\t\t\t                                <div class=\"ct-ultimate-gdpr-service-options\">\n                                    <div class=\"ct-ultimate-gdpr-service-option\">\n                                        <input type=\"checkbox\" name=\"ct-ultimate-gdpr-service-unsubscribe[]\"\n                                               value=\"sell_personal_data\">\n                                        <span class=\"ct-checkbox\"><\/span>\n                                    <\/div>\n                                    <div class=\"ct-ultimate-gdpr-service-details\">\n                                        <div class=\"ct-ultimate-gdpr-service-title\">Do not sell my information<\/div>\n                                        <div class=\"ct-ultimate-gdpr-service-description\">Request not to sell personal information<\/div>\n                                    <\/div>\n                                <\/div>\n\t\t\t\t\t\t\t                        <div class=\"ct-ultimate-gdpr-services-email\">\n                            <label for=\"ct-ultimate-gdpr-unsubscribe-email\">Email:<\/label>\n\t\t\t\t\t\t\t                                <input type=\"email\" name=\"ct-ultimate-gdpr-email\" value=\"\" required=\"\"\n                                       id=\"ct-ultimate-gdpr-unsubscribe-email\">\n\t\t\t\t\t\t\t                        <\/div>\n                        <label for=\"ct-ultimate-gdpr-consent-unsubscribe\">\n                            <input type=\"checkbox\" id=\"ct-ultimate-gdpr-consent-unsubscribe\"\n                                   name=\"ct-ultimate-gdpr-consent-unsubscribe\" required=\"\">\n                            <span class=\"ct-checkbox\"><\/span>\n\t\t\t\t\t\t\tJe consens \u00e0 ce que mon adresse email soit collect\u00e9e afin de traiter cette demande. Voir la page Politique de confidentialit\u00e9 pour plus d&#039;informations.                        <\/label>\n\t\t\t\t\t\t\t\t\t\t\t\t                        <input type=\"hidden\" name=\"ct-ultimate-gdpr-request-url\" value=\"https:\/\/albadia.es\/fr\/vos-donnees-personnelles\/\"\/>\n                        <input type=\"submit\" class=\"ct-ultimate-gdpr-unsubscribe-submitBtn\"\n                               name=\"ct-ultimate-gdpr-unsubscribe-submit\"\n                               value=\"Envoyer\">\n                    <\/div>\n                <\/form>\n            <\/div>\n\t\t    <\/div>\n\n<\/div>\n","protected":false},"excerpt":{"rendered":"<p>Desde este apartado puedes acceder a la informaci\u00f3n guardada en este sitio; ejercer tu derecho a ser olvidado; ejercer tu derecho a rectificaci\u00f3n y modificaci\u00f3n de datos.<\/p>\n","protected":false},"author":2,"featured_media":0,"parent":0,"menu_order":0,"comment_status":"closed","ping_status":"closed","template":"","meta":[],"_links":{"self":[{"href":"https:\/\/albadia.es\/fr\/wp-json\/wp\/v2\/pages\/4389"}],"collection":[{"href":"https:\/\/albadia.es\/fr\/wp-json\/wp\/v2\/pages"}],"about":[{"href":"https:\/\/albadia.es\/fr\/wp-json\/wp\/v2\/types\/page"}],"author":[{"embeddable":true,"href":"https:\/\/albadia.es\/fr\/wp-json\/wp\/v2\/users\/2"}],"replies":[{"embeddable":true,"href":"https:\/\/albadia.es\/fr\/wp-json\/wp\/v2\/comments?post=4389"}],"version-history":[{"count":1,"href":"https:\/\/albadia.es\/fr\/wp-json\/wp\/v2\/pages\/4389\/revisions"}],"predecessor-version":[{"id":4544,"href":"https:\/\/albadia.es\/fr\/wp-json\/wp\/v2\/pages\/4389\/revisions\/4544"}],"wp:attachment":[{"href":"https:\/\/albadia.es\/fr\/wp-json\/wp\/v2\/media?parent=4389"}],"curies":[{"name":"wp","href":"https:\/\/api.w.org\/{rel}","templated":true}]}}