{"id":4130,"date":"2019-12-09T13:53:44","date_gmt":"2019-12-09T13:53:44","guid":{"rendered":"https:\/\/albadia.es\/desarrollo-de-negocio\/"},"modified":"2022-04-04T20:18:43","modified_gmt":"2022-04-04T19:18:43","slug":"desenvolvimento-de-negocios","status":"publish","type":"page","link":"https:\/\/albadia.es\/pt-pt\/desenvolvimento-de-negocios\/","title":{"rendered":"Desenvolvimento de neg\u00f3cios"},"content":{"rendered":"<p>[vc_row css=&#8221;.vc_custom_1636879436074{padding-top: 100px !important;}&#8221;][vc_column width=&#8221;1\/2&#8243;][vc_column_text el_class=&#8221;circulos&#8221;]<img class=\"aligncenter size-full wp-image-1828\" src=\"https:\/\/albadia.es\/wp-content\/uploads\/2017\/08\/albadia-logo_pruebas5.png\" alt=\"\" width=\"110\" height=\"104\" \/><\/p>\n<h3>DESENVOLVIMENTO<\/h3>\n<h4>DE NEG\u00d3CIOS<\/h4>\n<p>[\/vc_column_text][\/vc_column][vc_column width=&#8221;1\/2&#8243;]<div class=\"aio-icon-component   caja1 style_2\"><div id=\"Info-box-wrap-6432\" class=\"aio-icon-box left-icon\" style=\"\"  ><div class=\"aio-icon-left\"><div class=\"ult-just-icon-wrapper  \"><div class=\"align-icon\" style=\"text-align:center;\">\n<div class=\"aio-icon-img \" style=\"font-size:140px;display:inline-block;\" data-animation=\"bounceIn\" data-animation-delay=\"03\">\n\t<img class=\"img-icon\" alt=\"null\" src=\"https:\/\/albadia.es\/wp-content\/uploads\/2022\/04\/comercializacao.png\"\/>\n<\/div><\/div><\/div><\/div><div class=\"aio-ibd-block\"><div class=\"aio-icon-description ult-responsive\"  data-ultimate-target='#Info-box-wrap-6432 .aio-icon-description'  data-responsive-json-new='{\"font-size\":\"\",\"line-height\":\"\"}'  style=\"\">&#8211; Estudos e an\u00e1lises de mercado.<br \/>\n&#8211; Identifica\u00e7\u00e3o de oportunidades.<br \/>\n&#8211; Defini\u00e7\u00e3o do projecto.<br \/>\n&#8211; Cria\u00e7\u00e3o de vantagens competitivas.<\/div> <!-- description --><\/div> <!-- aio-ibd-block --><\/div> <!-- aio-icon-box --><\/div> <!-- aio-icon-component --><div class=\"aio-icon-component   caja2 style_2\"><div id=\"Info-box-wrap-8575\" class=\"aio-icon-box left-icon\" style=\"\"  ><div class=\"aio-icon-left\"><div class=\"ult-just-icon-wrapper  \"><div class=\"align-icon\" style=\"text-align:center;\">\n<div class=\"aio-icon-img \" style=\"font-size:140px;display:inline-block;\" data-animation=\"bounceIn\" data-animation-delay=\"03\">\n\t<img class=\"img-icon\" alt=\"null\" src=\"https:\/\/albadia.es\/wp-content\/uploads\/2022\/04\/financiamento.png\"\/>\n<\/div><\/div><\/div><\/div><div class=\"aio-ibd-block\"><div class=\"aio-icon-description ult-responsive\"  data-ultimate-target='#Info-box-wrap-8575 .aio-icon-description'  data-responsive-json-new='{\"font-size\":\"\",\"line-height\":\"\"}'  style=\"\">Aconselhamento e cria\u00e7\u00e3o de estruturas de financiamento para as opera\u00e7\u00f5es: Bilateral, Ag\u00eancias de Cr\u00e9dito \u00e0 Exporta\u00e7\u00e3o, Multilateral, Multisourcing, Barter, PPP, etc.<\/div> <!-- description --><\/div> <!-- aio-ibd-block --><\/div> <!-- aio-icon-box --><\/div> <!-- aio-icon-component --><div class=\"aio-icon-component   caja3 style_2\"><div id=\"Info-box-wrap-1130\" class=\"aio-icon-box left-icon\" style=\"\"  ><div class=\"aio-icon-left\"><div class=\"ult-just-icon-wrapper  \"><div class=\"align-icon\" style=\"text-align:center;\">\n<div class=\"aio-icon-img \" style=\"font-size:140px;display:inline-block;\" data-animation=\"bounceIn\" data-animation-delay=\"03\">\n\t<img class=\"img-icon\" alt=\"null\" src=\"https:\/\/albadia.es\/wp-content\/uploads\/2022\/04\/promocao-de-investimentos.png\"\/>\n<\/div><\/div><\/div><\/div><div class=\"aio-ibd-block\"><div class=\"aio-icon-description ult-responsive\"  data-ultimate-target='#Info-box-wrap-1130 .aio-icon-description'  data-responsive-json-new='{\"font-size\":\"\",\"line-height\":\"\"}'  style=\"\">Promo\u00e7\u00e3o de investimentos com a procura de parceiros adequados e a estrutura\u00e7\u00e3o do financiamento mais apropriado para a implementa\u00e7\u00e3o de novos neg\u00f3cios.<\/div> <!-- description --><\/div> <!-- aio-ibd-block --><\/div> <!-- aio-icon-box --><\/div> <!-- aio-icon-component -->[\/vc_column][\/vc_row][vc_row content_placement=&#8221;middle&#8221; disable_element=&#8221;yes&#8221; css=&#8221;.vc_custom_1640119395780{padding-top: 55px !important;padding-bottom: 55px !important;}&#8221;][vc_column][vc_row_inner equal_height=&#8221;yes&#8221; content_placement=&#8221;middle&#8221;][vc_column_inner width=&#8221;1\/2&#8243; css=&#8221;.vc_custom_1575899657192{margin-top: 30px !important;margin-right: 25px !important;margin-bottom: 30px !important;margin-left: 25px !important;padding-top: 40% !important;padding-bottom: 40% !important;background-image: url(https:\/\/albadia.es\/wp-content\/uploads\/2019\/11\/campaign-creators-f6Ma01blNmc-unsplash.jpg?id=1946) !important;background-position: center !important;background-repeat: no-repeat !important;background-size: cover !important;}&#8221;][\/vc_column_inner][vc_column_inner width=&#8221;1\/2&#8243; css=&#8221;.vc_custom_1575390506246{margin-top: 30px !important;margin-bottom: 30px !important;}&#8221;]<div id=\"ultimate-heading-472869f29e6ff1f58\" class=\"uvc-heading ult-adjust-bottom-margin ultimate-heading-472869f29e6ff1f58 uvc-7664  uvc-heading-default-font-sizes\" data-hspacer=\"no_spacer\"  data-halign=\"left\" style=\"text-align:left\"><div class=\"uvc-heading-spacer no_spacer\" style=\"top\"><\/div><div class=\"uvc-main-heading ult-responsive\"  data-ultimate-target='.uvc-heading.ultimate-heading-472869f29e6ff1f58 h3'  data-responsive-json-new='{\"font-size\":\"\",\"line-height\":\"\"}' ><h3 style=\"font-weight:bold;color:#00452d;margin-bottom:20px;\">Desarrollo de Negocio: En el planeta.<\/h3><\/div><div class=\"uvc-sub-heading ult-responsive\"  data-ultimate-target='.uvc-heading.ultimate-heading-472869f29e6ff1f58 .uvc-sub-heading '  data-responsive-json-new='{\"font-size\":\"desktop:34px;\",\"line-height\":\"desktop:44px;\"}'  style=\"font-weight:bold;color:#222222;margin-bottom:30px;\"><\/p>\n<p>Lorem ipsum dolor sit amet, consectetur adipiscing elit. Ut elit tellus!<\/p>\n<p><\/div><\/div>[vc_column_text]Nulla a velit quis ex ornare rhoncus. Donec imperdiet risus justo, vel malesuada erat fermentum at. Morbi at laoreet mauris. Mauris lorem felis, gravida et vehicula congue, tempus vel justo.<\/p>\n<p>Lorem ipsum dolor sit amet, consectetur adipiscing elit. Ut elit tellus, luctus nec ullamcorper mattis, pulvinar dapibus\u00a0velit quis ex ornare rhoncus. Donec imperdiet risus justo, vel malesuada erat fermentum at. Morbi at laoreet mauris. Mauris lorem felis, gravida et vehicula congue, tempus vel justo.[\/vc_column_text][\/vc_column_inner][\/vc_row_inner][\/vc_column][\/vc_row][vc_row full_width=&#8221;stretch_row&#8221; css=&#8221;.vc_custom_1640120086844{padding-top: 80px !important;padding-bottom: 85px !important;background-color: #00452d !important;}&#8221;][vc_column offset=&#8221;vc_col-lg-offset-2 vc_col-lg-8 vc_col-md-offset-2 vc_col-md-8 vc_col-sm-offset-0 vc_col-xs-12&#8243;]<div id=\"ultimate-heading-442269f29e6ff1f9c\" class=\"uvc-heading ult-adjust-bottom-margin ultimate-heading-442269f29e6ff1f9c uvc-8838  uvc-heading-default-font-sizes\" data-hspacer=\"no_spacer\"  data-halign=\"center\" style=\"text-align:center\"><div class=\"uvc-heading-spacer no_spacer\" style=\"top\"><\/div><div class=\"uvc-main-heading ult-responsive\"  data-ultimate-target='.uvc-heading.ultimate-heading-442269f29e6ff1f9c h2'  data-responsive-json-new='{\"font-size\":\"\",\"line-height\":\"\"}' ><h2 style=\"font-weight:bold;color:#ffffff;margin-bottom:15px;\">ALBADIA<\/h2><\/div><div class=\"uvc-sub-heading ult-responsive\"  data-ultimate-target='.uvc-heading.ultimate-heading-442269f29e6ff1f9c .uvc-sub-heading '  data-responsive-json-new='{\"font-size\":\"\",\"line-height\":\"\"}'  style=\"font-weight:normal;color:rgba(255,255,255,0.7);margin-bottom:30px;\"><\/p>\n<p style=\"text-align: center;\">Com a experi\u00eancia de uma equipa com uma extensa carteira de opera\u00e7\u00f5es conclu\u00eddas com sucesso.<\/p>\n<p><\/div><\/div>[\/vc_column][\/vc_row]<\/p>\n","protected":false},"excerpt":{"rendered":"<p>[vc_row css=&#8221;.vc_custom_1636879436074{padding-top: 100px !important;}&#8221;][vc_column width=&#8221;1\/2&#8243;][vc_column_text el_class=&#8221;circulos&#8221;] DESENVOLVIMENTO DE NEG\u00d3CIOS [\/vc_column_text][\/vc_column][vc_column width=&#8221;1\/2&#8243;][\/vc_column][\/vc_row][vc_row content_placement=&#8221;middle&#8221; disable_element=&#8221;yes&#8221; css=&#8221;.vc_custom_1640119395780{padding-top: 55px !important;padding-bottom: 55px !important;}&#8221;][vc_column][vc_row_inner equal_height=&#8221;yes&#8221; content_placement=&#8221;middle&#8221;][vc_column_inner width=&#8221;1\/2&#8243; css=&#8221;.vc_custom_1575899657192{margin-top: 30px !important;margin-right: 25px !important;margin-bottom: 30px !important;margin-left: 25px !important;padding-top: 40% !important;padding-bottom: 40% !important;background-image: url(https:\/\/albadia.es\/wp-content\/uploads\/2019\/11\/campaign-creators-f6Ma01blNmc-unsplash.jpg?id=1946) !important;background-position: center !important;background-repeat: no-repeat !important;background-size: cover !important;}&#8221;][\/vc_column_inner][vc_column_inner width=&#8221;1\/2&#8243; css=&#8221;.vc_custom_1575390506246{margin-top: 30px !important;margin-bottom: 30px !important;}&#8221;][vc_column_text]Nulla a velit quis ex ornare rhoncus. Donec&hellip;<\/p>\n","protected":false},"author":2,"featured_media":4122,"parent":0,"menu_order":60,"comment_status":"closed","ping_status":"closed","template":"","meta":[],"_links":{"self":[{"href":"https:\/\/albadia.es\/pt-pt\/wp-json\/wp\/v2\/pages\/4130"}],"collection":[{"href":"https:\/\/albadia.es\/pt-pt\/wp-json\/wp\/v2\/pages"}],"about":[{"href":"https:\/\/albadia.es\/pt-pt\/wp-json\/wp\/v2\/types\/page"}],"author":[{"embeddable":true,"href":"https:\/\/albadia.es\/pt-pt\/wp-json\/wp\/v2\/users\/2"}],"replies":[{"embeddable":true,"href":"https:\/\/albadia.es\/pt-pt\/wp-json\/wp\/v2\/comments?post=4130"}],"version-history":[{"count":6,"href":"https:\/\/albadia.es\/pt-pt\/wp-json\/wp\/v2\/pages\/4130\/revisions"}],"predecessor-version":[{"id":4507,"href":"https:\/\/albadia.es\/pt-pt\/wp-json\/wp\/v2\/pages\/4130\/revisions\/4507"}],"wp:featuredmedia":[{"embeddable":true,"href":"https:\/\/albadia.es\/pt-pt\/wp-json\/wp\/v2\/media\/4122"}],"wp:attachment":[{"href":"https:\/\/albadia.es\/pt-pt\/wp-json\/wp\/v2\/media?parent=4130"}],"curies":[{"name":"wp","href":"https:\/\/api.w.org\/{rel}","templated":true}]}}