{"id":4206,"date":"2021-11-14T11:40:44","date_gmt":"2021-11-14T10:40:44","guid":{"rendered":"https:\/\/albadia.es\/consultoria\/"},"modified":"2022-04-04T20:33:12","modified_gmt":"2022-04-04T19:33:12","slug":"consultoria","status":"publish","type":"page","link":"https:\/\/albadia.es\/pt-pt\/consultoria\/","title":{"rendered":"Consultoria"},"content":{"rendered":"<p>[vc_row equal_height=&#8221;yes&#8221; content_placement=&#8221;middle&#8221; css=&#8221;.vc_custom_1636886974712{padding-top: 100px !important;}&#8221;][vc_column width=&#8221;1\/2&#8243;][vc_column_text el_class=&#8221;circulos&#8221;]<img class=\"aligncenter size-full wp-image-1828\" src=\"https:\/\/albadia.es\/wp-content\/uploads\/2017\/08\/albadia-logo_pruebas5.png\" alt=\"\" width=\"110\" height=\"104\" \/><\/p>\n<h3>CONSULTORIA<\/h3>\n<p>[\/vc_column_text][\/vc_column][vc_column width=&#8221;1\/2&#8243;][vc_column_text css_animation=&#8221;fadeIn&#8221; el_class=&#8221;caja1&#8243;]\u2022 Estudos de viabilidade.[\/vc_column_text][vc_column_text css_animation=&#8221;fadeIn&#8221; el_class=&#8221;caja2&#8243;]\u2022 An\u00e1lise de mercado.[\/vc_column_text][vc_column_text css_animation=&#8221;fadeIn&#8221; el_class=&#8221;caja3&#8243;]\u2022 Aconselhamento jur\u00eddico.[\/vc_column_text][vc_column_text css_animation=&#8221;fadeIn&#8221; el_class=&#8221;caja4&#8243;]\u2022 Procura de alian\u00e7as estrat\u00e9gicas.[\/vc_column_text][vc_column_text css_animation=&#8221;fadeIn&#8221; el_class=&#8221;caja5&#8243;]\u2022 Desenvolvimento de parcerias p\u00fablico-privadas.[\/vc_column_text][vc_column_text css_animation=&#8221;fadeIn&#8221; el_class=&#8221;caja6&#8243;]\u2022 Estrutura\u00e7\u00e3o do financiamento.[\/vc_column_text][vc_column_text css_animation=&#8221;fadeIn&#8221; el_class=&#8221;caja7&#8243;]\u2022 Defini\u00e7\u00e3o t\u00e9cnica e administrativa dos projectos.[\/vc_column_text][\/vc_column][\/vc_row][vc_row content_placement=&#8221;middle&#8221; disable_element=&#8221;yes&#8221; css=&#8221;.vc_custom_1639597362024{padding-top: 55px !important;padding-bottom: 55px !important;}&#8221;][vc_column][vc_row_inner equal_height=&#8221;yes&#8221; content_placement=&#8221;middle&#8221;][vc_column_inner width=&#8221;1\/2&#8243; css=&#8221;.vc_custom_1575899657192{margin-top: 30px !important;margin-right: 25px !important;margin-bottom: 30px !important;margin-left: 25px !important;padding-top: 40% !important;padding-bottom: 40% !important;background-image: url(https:\/\/albadia.es\/wp-content\/uploads\/2019\/11\/campaign-creators-f6Ma01blNmc-unsplash.jpg?id=1946) !important;background-position: center !important;background-repeat: no-repeat !important;background-size: cover !important;}&#8221;][\/vc_column_inner][vc_column_inner width=&#8221;1\/2&#8243; css=&#8221;.vc_custom_1575390506246{margin-top: 30px !important;margin-bottom: 30px !important;}&#8221;]<div id=\"ultimate-heading-998169f2904315d83\" class=\"uvc-heading ult-adjust-bottom-margin ultimate-heading-998169f2904315d83 uvc-4832  uvc-heading-default-font-sizes\" data-hspacer=\"no_spacer\"  data-halign=\"left\" style=\"text-align:left\"><div class=\"uvc-heading-spacer no_spacer\" style=\"top\"><\/div><div class=\"uvc-main-heading ult-responsive\"  data-ultimate-target='.uvc-heading.ultimate-heading-998169f2904315d83 h3'  data-responsive-json-new='{\"font-size\":\"\",\"line-height\":\"\"}' ><h3 style=\"font-weight:bold;color:#00452d;margin-bottom:20px;\">Consultor\u00eda: En el planeta.<\/h3><\/div><div class=\"uvc-sub-heading ult-responsive\"  data-ultimate-target='.uvc-heading.ultimate-heading-998169f2904315d83 .uvc-sub-heading '  data-responsive-json-new='{\"font-size\":\"desktop:34px;\",\"line-height\":\"desktop:44px;\"}'  style=\"font-weight:bold;color:#222222;margin-bottom:30px;\"><\/p>\n<p>Lorem ipsum dolor sit amet, consectetur adipiscing elit. Ut elit tellus!<\/p>\n<p><\/div><\/div>[vc_column_text]Nulla a velit quis ex ornare rhoncus. Donec imperdiet risus justo, vel malesuada erat fermentum at. Morbi at laoreet mauris. Mauris lorem felis, gravida et vehicula congue, tempus vel justo.<\/p>\n<p>Lorem ipsum dolor sit amet, consectetur adipiscing elit. Ut elit tellus, luctus nec ullamcorper mattis, pulvinar dapibus\u00a0velit quis ex ornare rhoncus. Donec imperdiet risus justo, vel malesuada erat fermentum at. Morbi at laoreet mauris. Mauris lorem felis, gravida et vehicula congue, tempus vel justo.[\/vc_column_text][\/vc_column_inner][\/vc_row_inner][\/vc_column][\/vc_row][vc_row full_width=&#8221;stretch_row&#8221; css=&#8221;.vc_custom_1639597354320{margin-top: 50px !important;padding-top: 80px !important;padding-bottom: 85px !important;background-color: #00452d !important;}&#8221;][vc_column offset=&#8221;vc_col-lg-offset-2 vc_col-lg-8 vc_col-md-offset-2 vc_col-md-8 vc_col-sm-offset-0 vc_col-xs-12&#8243;]<div id=\"ultimate-heading-147069f2904315de3\" class=\"uvc-heading ult-adjust-bottom-margin ultimate-heading-147069f2904315de3 uvc-8702  uvc-heading-default-font-sizes\" data-hspacer=\"no_spacer\"  data-halign=\"center\" style=\"text-align:center\"><div class=\"uvc-heading-spacer no_spacer\" style=\"top\"><\/div><div class=\"uvc-main-heading ult-responsive\"  data-ultimate-target='.uvc-heading.ultimate-heading-147069f2904315de3 h2'  data-responsive-json-new='{\"font-size\":\"\",\"line-height\":\"\"}' ><h2 style=\"font-weight:bold;color:#ffffff;margin-bottom:15px;\">ALBADIA<\/h2><\/div><div class=\"uvc-sub-heading ult-responsive\"  data-ultimate-target='.uvc-heading.ultimate-heading-147069f2904315de3 .uvc-sub-heading '  data-responsive-json-new='{\"font-size\":\"\",\"line-height\":\"\"}'  style=\"font-weight:normal;color:rgba(255,255,255,0.7);margin-bottom:30px;\"><\/p>\n<p style=\"text-align: center;\">Chegamos a acordos e alian\u00e7as estrat\u00e9gicas para o desenvolvimento de neg\u00f3cios a partir de uma perspectiva multicultural.<\/p>\n<p><\/div><\/div>[\/vc_column][\/vc_row]<\/p>\n","protected":false},"excerpt":{"rendered":"<p>[vc_row equal_height=&#8221;yes&#8221; content_placement=&#8221;middle&#8221; css=&#8221;.vc_custom_1636886974712{padding-top: 100px !important;}&#8221;][vc_column width=&#8221;1\/2&#8243;][vc_column_text el_class=&#8221;circulos&#8221;] CONSULTORIA [\/vc_column_text][\/vc_column][vc_column width=&#8221;1\/2&#8243;][vc_column_text css_animation=&#8221;fadeIn&#8221; el_class=&#8221;caja1&#8243;]\u2022 Estudos de viabilidade.[\/vc_column_text][vc_column_text css_animation=&#8221;fadeIn&#8221; el_class=&#8221;caja2&#8243;]\u2022 An\u00e1lise de mercado.[\/vc_column_text][vc_column_text css_animation=&#8221;fadeIn&#8221; el_class=&#8221;caja3&#8243;]\u2022 Aconselhamento jur\u00eddico.[\/vc_column_text][vc_column_text css_animation=&#8221;fadeIn&#8221; el_class=&#8221;caja4&#8243;]\u2022 Procura de alian\u00e7as estrat\u00e9gicas.[\/vc_column_text][vc_column_text css_animation=&#8221;fadeIn&#8221; el_class=&#8221;caja5&#8243;]\u2022 Desenvolvimento de parcerias p\u00fablico-privadas.[\/vc_column_text][vc_column_text css_animation=&#8221;fadeIn&#8221; el_class=&#8221;caja6&#8243;]\u2022 Estrutura\u00e7\u00e3o do financiamento.[\/vc_column_text][vc_column_text css_animation=&#8221;fadeIn&#8221; el_class=&#8221;caja7&#8243;]\u2022 Defini\u00e7\u00e3o t\u00e9cnica e administrativa dos projectos.[\/vc_column_text][\/vc_column][\/vc_row][vc_row content_placement=&#8221;middle&#8221; disable_element=&#8221;yes&#8221; css=&#8221;.vc_custom_1639597362024{padding-top: 55px !important;padding-bottom:&hellip;<\/p>\n","protected":false},"author":2,"featured_media":0,"parent":0,"menu_order":60,"comment_status":"closed","ping_status":"closed","template":"","meta":[],"_links":{"self":[{"href":"https:\/\/albadia.es\/pt-pt\/wp-json\/wp\/v2\/pages\/4206"}],"collection":[{"href":"https:\/\/albadia.es\/pt-pt\/wp-json\/wp\/v2\/pages"}],"about":[{"href":"https:\/\/albadia.es\/pt-pt\/wp-json\/wp\/v2\/types\/page"}],"author":[{"embeddable":true,"href":"https:\/\/albadia.es\/pt-pt\/wp-json\/wp\/v2\/users\/2"}],"replies":[{"embeddable":true,"href":"https:\/\/albadia.es\/pt-pt\/wp-json\/wp\/v2\/comments?post=4206"}],"version-history":[{"count":5,"href":"https:\/\/albadia.es\/pt-pt\/wp-json\/wp\/v2\/pages\/4206\/revisions"}],"predecessor-version":[{"id":4526,"href":"https:\/\/albadia.es\/pt-pt\/wp-json\/wp\/v2\/pages\/4206\/revisions\/4526"}],"wp:attachment":[{"href":"https:\/\/albadia.es\/pt-pt\/wp-json\/wp\/v2\/media?parent=4206"}],"curies":[{"name":"wp","href":"https:\/\/api.w.org\/{rel}","templated":true}]}}