{"id":4229,"date":"2021-11-14T12:02:40","date_gmt":"2021-11-14T11:02:40","guid":{"rendered":"https:\/\/albadia.es\/sectores\/"},"modified":"2022-04-04T20:47:49","modified_gmt":"2022-04-04T19:47:49","slug":"sectores","status":"publish","type":"page","link":"https:\/\/albadia.es\/pt-pt\/sectores\/","title":{"rendered":"Sectores"},"content":{"rendered":"<p>[vc_row equal_height=&#8221;yes&#8221; content_placement=&#8221;top&#8221; css=&#8221;.vc_custom_1641198342140{padding-top: 100px !important;}&#8221;][vc_column width=&#8221;1\/2&#8243;]<div class=\"aio-icon-component    style_2\"><div id=\"Info-box-wrap-1661\" class=\"aio-icon-box left-icon\" style=\"\"  ><div class=\"aio-icon-left\"><div class=\"ult-just-icon-wrapper  \"><div class=\"align-icon\" style=\"text-align:center;\">\n<div class=\"aio-icon-img \" style=\"font-size:80px;display:inline-block;\" data-animation=\"bounceIn\" data-animation-delay=\"03\">\n\t<img class=\"img-icon\" alt=\"null\" src=\"https:\/\/albadia.es\/wp-content\/uploads\/2022\/01\/albadia-001-1.png\"\/>\n<\/div><\/div><\/div><\/div><div class=\"aio-ibd-block\"><div class=\"aio-icon-header\" ><h3 class=\"aio-icon-title ult-responsive\"  data-ultimate-target='#Info-box-wrap-1661 .aio-icon-title'  data-responsive-json-new='{\"font-size\":\"\",\"line-height\":\"\"}'  style=\"\">Ind\u00fastria e energia:<\/h3><\/div> <!-- header --><div class=\"aio-icon-description ult-responsive\"  data-ultimate-target='#Info-box-wrap-1661 .aio-icon-description'  data-responsive-json-new='{\"font-size\":\"\",\"line-height\":\"\"}'  style=\"\">Instala\u00e7\u00f5es de produ\u00e7\u00e3o convencionais e renov\u00e1veis, transmiss\u00e3o e distribui\u00e7\u00e3o de energia, subesta\u00e7\u00f5es, instala\u00e7\u00f5es industriais, minera\u00e7\u00e3o, petroqu\u00edmica, agro-ind\u00fastria.<\/div> <!-- description --><\/div> <!-- aio-ibd-block --><\/div> <!-- aio-icon-box --><\/div> <!-- aio-icon-component -->[\/vc_column][vc_column width=&#8221;1\/2&#8243;]<div class=\"aio-icon-component    style_2\"><div id=\"Info-box-wrap-4766\" class=\"aio-icon-box left-icon\" style=\"\"  ><div class=\"aio-icon-left\"><div class=\"ult-just-icon-wrapper  \"><div class=\"align-icon\" style=\"text-align:center;\">\n<div class=\"aio-icon-img \" style=\"font-size:80px;display:inline-block;\" data-animation=\"bounceIn\" data-animation-delay=\"03\">\n\t<img class=\"img-icon\" alt=\"null\" src=\"https:\/\/albadia.es\/wp-content\/uploads\/2022\/01\/albadia-002.png\"\/>\n<\/div><\/div><\/div><\/div><div class=\"aio-ibd-block\"><div class=\"aio-icon-header\" ><h3 class=\"aio-icon-title ult-responsive\"  data-ultimate-target='#Info-box-wrap-4766 .aio-icon-title'  data-responsive-json-new='{\"font-size\":\"\",\"line-height\":\"\"}'  style=\"\">\u00c1gua e \u00e1guas residuais:<\/h3><\/div> <!-- header --><div class=\"aio-icon-description ult-responsive\"  data-ultimate-target='#Info-box-wrap-4766 .aio-icon-description'  data-responsive-json-new='{\"font-size\":\"\",\"line-height\":\"\"}'  style=\"\">Ciclo integrado da \u00e1gua: capta\u00e7\u00e3o, tratamento de \u00e1gua pot\u00e1vel, dessaliniza\u00e7\u00e3o, distribui\u00e7\u00e3o, redes de abastecimento e saneamento, tratamento de \u00e1guas residuais, opera\u00e7\u00e3o e manuten\u00e7\u00e3o. Supervis\u00e3o. Planos directores de engenharia.<\/div> <!-- description --><\/div> <!-- aio-ibd-block --><\/div> <!-- aio-icon-box --><\/div> <!-- aio-icon-component -->[\/vc_column][\/vc_row][vc_row equal_height=&#8221;yes&#8221; content_placement=&#8221;top&#8221; css=&#8221;.vc_custom_1641198681369{padding-top: 100px !important;}&#8221;][vc_column width=&#8221;1\/2&#8243;]<div class=\"aio-icon-component    style_2\"><div id=\"Info-box-wrap-1424\" class=\"aio-icon-box left-icon\" style=\"\"  ><div class=\"aio-icon-left\"><div class=\"ult-just-icon-wrapper  \"><div class=\"align-icon\" style=\"text-align:center;\">\n<div class=\"aio-icon-img \" style=\"font-size:80px;display:inline-block;\" data-animation=\"bounceIn\" data-animation-delay=\"03\">\n\t<img class=\"img-icon\" alt=\"null\" src=\"https:\/\/albadia.es\/wp-content\/uploads\/2022\/01\/albadia-003.png\"\/>\n<\/div><\/div><\/div><\/div><div class=\"aio-ibd-block\"><div class=\"aio-icon-header\" ><h3 class=\"aio-icon-title ult-responsive\"  data-ultimate-target='#Info-box-wrap-1424 .aio-icon-title'  data-responsive-json-new='{\"font-size\":\"\",\"line-height\":\"\"}'  style=\"\">Transporte:<\/h3><\/div> <!-- header --><div class=\"aio-icon-description ult-responsive\"  data-ultimate-target='#Info-box-wrap-1424 .aio-icon-description'  data-responsive-json-new='{\"font-size\":\"\",\"line-height\":\"\"}'  style=\"\">Mar\u00edtimo (navios, portos e salvamento mar\u00edtimo), ferrovi\u00e1rio (infra-estruturas, equipamento e sinaliza\u00e7\u00e3o), terrestre (autocarros, terminais, sistemas de controlo urbano e interurbano).<\/div> <!-- description --><\/div> <!-- aio-ibd-block --><\/div> <!-- aio-icon-box --><\/div> <!-- aio-icon-component -->[\/vc_column][vc_column width=&#8221;1\/2&#8243;]<div class=\"aio-icon-component    style_2\"><div id=\"Info-box-wrap-8685\" class=\"aio-icon-box left-icon\" style=\"\"  ><div class=\"aio-icon-left\"><div class=\"ult-just-icon-wrapper  \"><div class=\"align-icon\" style=\"text-align:center;\">\n<div class=\"aio-icon-img \" style=\"font-size:80px;display:inline-block;\" data-animation=\"bounceIn\" data-animation-delay=\"03\">\n\t<img class=\"img-icon\" alt=\"null\" src=\"https:\/\/albadia.es\/wp-content\/uploads\/2022\/01\/albadia-004.png\"\/>\n<\/div><\/div><\/div><\/div><div class=\"aio-ibd-block\"><div class=\"aio-icon-header\" ><h3 class=\"aio-icon-title ult-responsive\"  data-ultimate-target='#Info-box-wrap-8685 .aio-icon-title'  data-responsive-json-new='{\"font-size\":\"\",\"line-height\":\"\"}'  style=\"\">Constru\u00e7\u00e3o naval:<\/h3><\/div> <!-- header --><div class=\"aio-icon-description ult-responsive\"  data-ultimate-target='#Info-box-wrap-8685 .aio-icon-description'  data-responsive-json-new='{\"font-size\":\"\",\"line-height\":\"\"}'  style=\"\">Fornecimento de todos os tipos de navios para transporte, ind\u00fastria, seguran\u00e7a e vigil\u00e2ncia mar\u00edtima (rebocadores, ferries, navios para a ind\u00fastria offshore, navios de patrulha, navios de pesca, navios oceanogr\u00e1ficos).<\/div> <!-- description --><\/div> <!-- aio-ibd-block --><\/div> <!-- aio-icon-box --><\/div> <!-- aio-icon-component -->[\/vc_column][\/vc_row][vc_row equal_height=&#8221;yes&#8221; content_placement=&#8221;middle&#8221; css=&#8221;.vc_custom_1636886974712{padding-top: 100px !important;}&#8221;][vc_column width=&#8221;1\/2&#8243;]<div class=\"aio-icon-component    style_2\"><div id=\"Info-box-wrap-5275\" class=\"aio-icon-box left-icon\" style=\"\"  ><div class=\"aio-icon-left\"><div class=\"ult-just-icon-wrapper  \"><div class=\"align-icon\" style=\"text-align:center;\">\n<div class=\"aio-icon-img \" style=\"font-size:80px;display:inline-block;\" data-animation=\"bounceIn\" data-animation-delay=\"03\">\n\t<img class=\"img-icon\" alt=\"null\" src=\"https:\/\/albadia.es\/wp-content\/uploads\/2022\/01\/albadia-005.png\"\/>\n<\/div><\/div><\/div><\/div><div class=\"aio-ibd-block\"><div class=\"aio-icon-header\" ><h3 class=\"aio-icon-title ult-responsive\"  data-ultimate-target='#Info-box-wrap-5275 .aio-icon-title'  data-responsive-json-new='{\"font-size\":\"\",\"line-height\":\"\"}'  style=\"\">Outros:<\/h3><\/div> <!-- header --><div class=\"aio-icon-description ult-responsive\"  data-ultimate-target='#Info-box-wrap-5275 .aio-icon-description'  data-responsive-json-new='{\"font-size\":\"\",\"line-height\":\"\"}'  style=\"\">Agricultura (sistemas de irriga\u00e7\u00e3o, desenvolvimento de clusters agr\u00edcolas, estufas), sa\u00fade e educa\u00e7\u00e3o (constru\u00e7\u00e3o e equipamento de hospitais, centros de forma\u00e7\u00e3o profissional, universidades), protec\u00e7\u00e3o civil (equipamento de combate a inc\u00eandios, salvamento mar\u00edtimo, emerg\u00eancias), meio ambiente (gest\u00e3o de res\u00edduos s\u00f3lidos urbanos), telecomunica\u00e7\u00f5es (sistemas de seguran\u00e7a para instala\u00e7\u00f5es industriais, vigil\u00e2ncia mar\u00edtima e fronteiri\u00e7a).<\/div> <!-- description --><\/div> <!-- aio-ibd-block --><\/div> <!-- aio-icon-box --><\/div> <!-- aio-icon-component -->[\/vc_column][vc_column width=&#8221;1\/2&#8243;][\/vc_column][\/vc_row][vc_row content_placement=&#8221;middle&#8221; disable_element=&#8221;yes&#8221; css=&#8221;.vc_custom_1640119236570{padding-top: 55px !important;padding-bottom: 55px !important;}&#8221;][vc_column][vc_row_inner equal_height=&#8221;yes&#8221; content_placement=&#8221;middle&#8221;][vc_column_inner width=&#8221;1\/2&#8243; css=&#8221;.vc_custom_1575899657192{margin-top: 30px !important;margin-right: 25px !important;margin-bottom: 30px !important;margin-left: 25px !important;padding-top: 40% !important;padding-bottom: 40% !important;background-image: url(https:\/\/albadia.es\/wp-content\/uploads\/2019\/11\/campaign-creators-f6Ma01blNmc-unsplash.jpg?id=1946) !important;background-position: center !important;background-repeat: no-repeat !important;background-size: cover !important;}&#8221;][\/vc_column_inner][vc_column_inner width=&#8221;1\/2&#8243; css=&#8221;.vc_custom_1575390506246{margin-top: 30px !important;margin-bottom: 30px !important;}&#8221;]<div id=\"ultimate-heading-734969f2900be07c4\" class=\"uvc-heading ult-adjust-bottom-margin ultimate-heading-734969f2900be07c4 uvc-4318  uvc-heading-default-font-sizes\" data-hspacer=\"no_spacer\"  data-halign=\"left\" style=\"text-align:left\"><div class=\"uvc-heading-spacer no_spacer\" style=\"top\"><\/div><div class=\"uvc-main-heading ult-responsive\"  data-ultimate-target='.uvc-heading.ultimate-heading-734969f2900be07c4 h3'  data-responsive-json-new='{\"font-size\":\"\",\"line-height\":\"\"}' ><h3 style=\"font-weight:bold;color:#00452d;margin-bottom:20px;\">Sectores: En el planeta.<\/h3><\/div><div class=\"uvc-sub-heading ult-responsive\"  data-ultimate-target='.uvc-heading.ultimate-heading-734969f2900be07c4 .uvc-sub-heading '  data-responsive-json-new='{\"font-size\":\"desktop:34px;\",\"line-height\":\"desktop:44px;\"}'  style=\"font-weight:bold;color:#222222;margin-bottom:30px;\"><\/p>\n<p>Lorem ipsum dolor sit amet, consectetur adipiscing elit. Ut elit tellus!<\/p>\n<p><\/div><\/div>[vc_column_text]Nulla a velit quis ex ornare rhoncus. Donec imperdiet risus justo, vel malesuada erat fermentum at. Morbi at laoreet mauris. Mauris lorem felis, gravida et vehicula congue, tempus vel justo.<\/p>\n<p>Lorem ipsum dolor sit amet, consectetur adipiscing elit. Ut elit tellus, luctus nec ullamcorper mattis, pulvinar dapibus\u00a0velit quis ex ornare rhoncus. Donec imperdiet risus justo, vel malesuada erat fermentum at. Morbi at laoreet mauris. Mauris lorem felis, gravida et vehicula congue, tempus vel justo.[\/vc_column_text][\/vc_column_inner][\/vc_row_inner][\/vc_column][\/vc_row][vc_row full_width=&#8221;stretch_row&#8221; disable_element=&#8221;yes&#8221; css=&#8221;.vc_custom_1640119228514{padding-top: 80px !important;padding-bottom: 85px !important;background-color: #00452d !important;}&#8221;][vc_column offset=&#8221;vc_col-lg-offset-2 vc_col-lg-8 vc_col-md-offset-2 vc_col-md-8 vc_col-sm-offset-0 vc_col-xs-12&#8243;]<div id=\"ultimate-heading-579269f2900be0800\" class=\"uvc-heading ult-adjust-bottom-margin ultimate-heading-579269f2900be0800 uvc-6973  uvc-heading-default-font-sizes\" data-hspacer=\"no_spacer\"  data-halign=\"center\" style=\"text-align:center\"><div class=\"uvc-heading-spacer no_spacer\" style=\"top\"><\/div><div class=\"uvc-main-heading ult-responsive\"  data-ultimate-target='.uvc-heading.ultimate-heading-579269f2900be0800 h2'  data-responsive-json-new='{\"font-size\":\"\",\"line-height\":\"\"}' ><h2 style=\"font-weight:bold;color:#ffffff;margin-bottom:15px;\">Llamada a la acci\u00f3n<\/h2><\/div><div class=\"uvc-sub-heading ult-responsive\"  data-ultimate-target='.uvc-heading.ultimate-heading-579269f2900be0800 .uvc-sub-heading '  data-responsive-json-new='{\"font-size\":\"\",\"line-height\":\"\"}'  style=\"font-weight:normal;color:rgba(255,255,255,0.7);margin-bottom:30px;\"><\/p>\n<p>Morbi eget augue bibendum, faucibus mi et, scelerisque mauris. Aenean dapibus massa a sapien hendrerit molestie vitae eget leo. Etiam tristique urna nibh, nec rutrum mi eleifend facilisis. Quisque semper ante metus. In in convallis urna, ut aliquam mi!<\/p>\n<p><\/div><\/div><style type=\"text\/css\" data-type=\"the7_shortcodes-inline-css\">#default-btn-75dbab356833e90ed81cdfd7093b798d {\n  border-radius: 100px;\n  font-size: 16px;\n  line-height: 18px;\n}\n.btn-shadow#default-btn-75dbab356833e90ed81cdfd7093b798d {\n  box-shadow: 0 1px 6px rgba(0,0,0,0.12);\n  transition: box-shadow 0.2s ease-out, opacity 0.45s;\n}\n.btn-shadow#default-btn-75dbab356833e90ed81cdfd7093b798d:hover {\n  box-shadow: 0 5px 11px 0 rgba(0,0,0,0.18), 0 4px 15px 0 rgba(0,0,0,0.15);\n}\n.btn-3d#default-btn-75dbab356833e90ed81cdfd7093b798d:hover {\n  box-shadow: 0px 2px 0px 0px rgba(224,224,224,0.05);\n}\n.btn-flat#default-btn-75dbab356833e90ed81cdfd7093b798d {\n  box-shadow: none;\n}\n.btn-flat#default-btn-75dbab356833e90ed81cdfd7093b798d:hover {\n  box-shadow: none;\n}\n#default-btn-75dbab356833e90ed81cdfd7093b798d.ico-right-side > i {\n  margin-right: 0px;\n  margin-left: 8px;\n}\n#default-btn-75dbab356833e90ed81cdfd7093b798d > i {\n  margin-right: 8px;\n  font-size: 16px;\n}\n#default-btn-75dbab356833e90ed81cdfd7093b798d:not(:hover) {\n  border-width: 3px;\n  border-color: rgba(255,255,255,0.3) !important;\n  color: #ffffff;\n  background: none !important;\n  padding: 16px 10px 16px 10px;\n}\n#default-btn-75dbab356833e90ed81cdfd7093b798d:not(:hover) * {\n  color: #ffffff;\n}\n#default-btn-75dbab356833e90ed81cdfd7093b798d:hover {\n  border-width: 3px;\n  border-color: rgba(255,255,255,0.45) !important;\n  color: #ffffff;\n  background: rgba(255,255,255,0.05) !important;\n  padding: 16px 10px 16px 10px;\n}\n#default-btn-75dbab356833e90ed81cdfd7093b798d:hover * {\n  color: #ffffff;\n}\n#default-btn-75dbab356833e90ed81cdfd7093b798d.ico-right-side > i {\n  margin-right: 0px;\n  margin-left: 8px;\n}\n#default-btn-75dbab356833e90ed81cdfd7093b798d > i {\n  margin-right: 8px;\n}\n<\/style><div class=\"btn-align-center\"><a href=\"https:\/\/albadia.es\/contacto\/\" class=\"default-btn-shortcode dt-btn link-hover-off ico-right-side btn-flat \" id=\"default-btn-75dbab356833e90ed81cdfd7093b798d\" style=\"width:240px;\" title=\"Contactar\"><span>Contacta con nosotros<\/span><i class=\"icomoon-the7-font-the7-arrow-09\"><\/i><\/a><\/div>[\/vc_column][\/vc_row]<\/p>\n","protected":false},"excerpt":{"rendered":"<p>[vc_row equal_height=&#8221;yes&#8221; content_placement=&#8221;top&#8221; css=&#8221;.vc_custom_1641198342140{padding-top: 100px !important;}&#8221;][vc_column width=&#8221;1\/2&#8243;][\/vc_column][vc_column width=&#8221;1\/2&#8243;][\/vc_column][\/vc_row][vc_row equal_height=&#8221;yes&#8221; content_placement=&#8221;top&#8221; css=&#8221;.vc_custom_1641198681369{padding-top: 100px !important;}&#8221;][vc_column width=&#8221;1\/2&#8243;][\/vc_column][vc_column width=&#8221;1\/2&#8243;][\/vc_column][\/vc_row][vc_row equal_height=&#8221;yes&#8221; content_placement=&#8221;middle&#8221; css=&#8221;.vc_custom_1636886974712{padding-top: 100px !important;}&#8221;][vc_column width=&#8221;1\/2&#8243;][\/vc_column][vc_column width=&#8221;1\/2&#8243;][\/vc_column][\/vc_row][vc_row content_placement=&#8221;middle&#8221; disable_element=&#8221;yes&#8221; css=&#8221;.vc_custom_1640119236570{padding-top: 55px !important;padding-bottom: 55px !important;}&#8221;][vc_column][vc_row_inner equal_height=&#8221;yes&#8221; content_placement=&#8221;middle&#8221;][vc_column_inner width=&#8221;1\/2&#8243; css=&#8221;.vc_custom_1575899657192{margin-top: 30px !important;margin-right: 25px !important;margin-bottom: 30px !important;margin-left: 25px !important;padding-top: 40% !important;padding-bottom: 40% !important;background-image: url(https:\/\/albadia.es\/wp-content\/uploads\/2019\/11\/campaign-creators-f6Ma01blNmc-unsplash.jpg?id=1946) !important;background-position: center !important;background-repeat: no-repeat !important;background-size: cover !important;}&#8221;][\/vc_column_inner][vc_column_inner width=&#8221;1\/2&#8243; css=&#8221;.vc_custom_1575390506246{margin-top:&hellip;<\/p>\n","protected":false},"author":2,"featured_media":4231,"parent":0,"menu_order":60,"comment_status":"closed","ping_status":"closed","template":"","meta":[],"_links":{"self":[{"href":"https:\/\/albadia.es\/pt-pt\/wp-json\/wp\/v2\/pages\/4229"}],"collection":[{"href":"https:\/\/albadia.es\/pt-pt\/wp-json\/wp\/v2\/pages"}],"about":[{"href":"https:\/\/albadia.es\/pt-pt\/wp-json\/wp\/v2\/types\/page"}],"author":[{"embeddable":true,"href":"https:\/\/albadia.es\/pt-pt\/wp-json\/wp\/v2\/users\/2"}],"replies":[{"embeddable":true,"href":"https:\/\/albadia.es\/pt-pt\/wp-json\/wp\/v2\/comments?post=4229"}],"version-history":[{"count":3,"href":"https:\/\/albadia.es\/pt-pt\/wp-json\/wp\/v2\/pages\/4229\/revisions"}],"predecessor-version":[{"id":4529,"href":"https:\/\/albadia.es\/pt-pt\/wp-json\/wp\/v2\/pages\/4229\/revisions\/4529"}],"wp:featuredmedia":[{"embeddable":true,"href":"https:\/\/albadia.es\/pt-pt\/wp-json\/wp\/v2\/media\/4231"}],"wp:attachment":[{"href":"https:\/\/albadia.es\/pt-pt\/wp-json\/wp\/v2\/media?parent=4229"}],"curies":[{"name":"wp","href":"https:\/\/api.w.org\/{rel}","templated":true}]}}