{"id":4297,"date":"2021-11-14T12:52:01","date_gmt":"2021-11-14T11:52:01","guid":{"rendered":"https:\/\/albadia.es\/presencia\/"},"modified":"2022-04-13T21:04:50","modified_gmt":"2022-04-13T20:04:50","slug":"presenca","status":"publish","type":"page","link":"https:\/\/albadia.es\/pt-pt\/presenca\/","title":{"rendered":"Presen\u00e7a"},"content":{"rendered":"<p>[vc_row css=&#8221;.vc_custom_1636892403740{padding-top: 90px !important;}&#8221;][vc_column]<div id=\"ultimate-heading-70669f290456ceaf\" class=\"uvc-heading ult-adjust-bottom-margin ultimate-heading-70669f290456ceaf uvc-5243 \" data-hspacer=\"no_spacer\"  data-halign=\"center\" style=\"text-align:center\"><div class=\"uvc-heading-spacer no_spacer\" style=\"top\"><\/div><div class=\"uvc-main-heading ult-responsive\"  data-ultimate-target='.uvc-heading.ultimate-heading-70669f290456ceaf h1'  data-responsive-json-new='{\"font-size\":\"desktop:44px;\",\"line-height\":\"desktop:54px;\"}' ><h1 style=\"font-weight:bold;color:#00452d;margin-bottom:20px;\">PRESEN\u00c7A<\/h1><\/div><div class=\"uvc-sub-heading ult-responsive\"  data-ultimate-target='.uvc-heading.ultimate-heading-70669f290456ceaf .uvc-sub-heading '  data-responsive-json-new='{\"font-size\":\"desktop:34px;\",\"line-height\":\"desktop:44px;\"}'  style=\"font-weight:bold;color:#222222;margin-bottom:30px;\">A equipa da Albadia possui experi\u00eancia e tem desenvolvido opera\u00e7\u00f5es em 4 continentes:<\/div><\/div>[\/vc_column][\/vc_row][vc_row full_width=&#8221;stretch_row_content&#8221; content_placement=&#8221;middle&#8221; css=&#8221;.vc_custom_1642569641606{padding-top: 50px !important;}&#8221;][vc_column][vc_column_text]<div id=\"image-map-pro-6400\"><\/div>[\/vc_column_text][\/vc_column][\/vc_row]<\/p>\n","protected":false},"excerpt":{"rendered":"<p>[vc_row css=&#8221;.vc_custom_1636892403740{padding-top: 90px !important;}&#8221;][vc_column][\/vc_column][\/vc_row][vc_row full_width=&#8221;stretch_row_content&#8221; content_placement=&#8221;middle&#8221; css=&#8221;.vc_custom_1642569641606{padding-top: 50px !important;}&#8221;][vc_column][vc_column_text][\/vc_column_text][\/vc_column][\/vc_row]<\/p>\n","protected":false},"author":2,"featured_media":4231,"parent":0,"menu_order":60,"comment_status":"closed","ping_status":"closed","template":"","meta":[],"_links":{"self":[{"href":"https:\/\/albadia.es\/pt-pt\/wp-json\/wp\/v2\/pages\/4297"}],"collection":[{"href":"https:\/\/albadia.es\/pt-pt\/wp-json\/wp\/v2\/pages"}],"about":[{"href":"https:\/\/albadia.es\/pt-pt\/wp-json\/wp\/v2\/types\/page"}],"author":[{"embeddable":true,"href":"https:\/\/albadia.es\/pt-pt\/wp-json\/wp\/v2\/users\/2"}],"replies":[{"embeddable":true,"href":"https:\/\/albadia.es\/pt-pt\/wp-json\/wp\/v2\/comments?post=4297"}],"version-history":[{"count":6,"href":"https:\/\/albadia.es\/pt-pt\/wp-json\/wp\/v2\/pages\/4297\/revisions"}],"predecessor-version":[{"id":4553,"href":"https:\/\/albadia.es\/pt-pt\/wp-json\/wp\/v2\/pages\/4297\/revisions\/4553"}],"wp:featuredmedia":[{"embeddable":true,"href":"https:\/\/albadia.es\/pt-pt\/wp-json\/wp\/v2\/media\/4231"}],"wp:attachment":[{"href":"https:\/\/albadia.es\/pt-pt\/wp-json\/wp\/v2\/media?parent=4297"}],"curies":[{"name":"wp","href":"https:\/\/api.w.org\/{rel}","templated":true}]}}