{"id":4351,"date":"2012-11-12T16:35:52","date_gmt":"2012-11-12T15:35:52","guid":{"rendered":"https:\/\/albadia.es\/aviso-legal\/"},"modified":"2022-04-26T21:25:01","modified_gmt":"2022-04-26T20:25:01","slug":"aviso-legal","status":"publish","type":"page","link":"https:\/\/albadia.es\/pt-pt\/aviso-legal\/","title":{"rendered":"Aviso Legal"},"content":{"rendered":"<h3>Identidade do propriet\u00e1rio do s\u00edtio web<\/h3>\n<p>Em cumprimento da obriga\u00e7\u00e3o geral de informa\u00e7\u00e3o contida no artigo 10\u00ba da Lei 34\/2002, de 11 de Julho, sobre servi\u00e7os da sociedade da informa\u00e7\u00e3o e com\u00e9rcio electr\u00f3nico, e na Lei Org\u00e2nica 15\/1999, de 13 de Dezembro, sobre Protec\u00e7\u00e3o de Dados, informamos que os dados de identifica\u00e7\u00e3o do propriet\u00e1rio do portal www.albadia.es (doravante o &#8220;website&#8221; ou &#8220;o Website&#8221;) s\u00e3o os seguintes:<\/p>\n<p>ALBADIA DESARROLLO , S.L.<br \/>\n<span style=\"word-spacing: normal;\">C\/ Valle de Esteribar 2<br \/>\n<\/span><span style=\"word-spacing: normal;\">28692 VILLANUEVA DE LA CA\u00d1ADA-MADRID<br \/>\n<\/span><span style=\"word-spacing: normal;\">CIF: B86257078<\/span><\/p>\n<p>ALBADIA DESARROLLO S.L. assumir\u00e1, a todo o momento, as disposi\u00e7\u00f5es da Lei Org\u00e2nica 15\/1999, de 13 de Dezembro, de Protec\u00e7\u00e3o de Dados Pessoais e regulamentos de desenvolvimento, e garantir\u00e1 a confidencialidade dos dados pessoais garantindo a sua seguran\u00e7a, pelo que informa o Utilizador que adoptou os meios t\u00e9cnicos \u00e0 sua disposi\u00e7\u00e3o para evitar a perda, m\u00e1 utiliza\u00e7\u00e3o, altera\u00e7\u00e3o, acesso n\u00e3o autorizado e roubo dos dados pessoais que o Utilizador forneceu atrav\u00e9s do site, bem como os n\u00edveis de seguran\u00e7a necess\u00e1rios para a protec\u00e7\u00e3o dos ficheiros que s\u00e3o da sua exclusiva responsabilidade.<\/p>\n<p>Ocasionalmente, o Utilizador pode fornecer os seus dados pessoais, voluntariamente ou a pedido de qualquer um dos formul\u00e1rios existentes no website, para os seguintes fins:<\/p>\n<p>Para atender\/processar o seu pedido de consultas, sugest\u00f5es, reclama\u00e7\u00f5es e\/ou reclama\u00e7\u00f5es em rela\u00e7\u00e3o aos servi\u00e7os e\/ou produtos em que possa estar interessado e oferecidos pela ALBADIA DESARROLLO S.L. atrav\u00e9s deste website; assim como qualquer actividade necess\u00e1ria \u00e0 gest\u00e3o do mesmo, solicitar informa\u00e7\u00f5es, poder enviar informa\u00e7\u00f5es t\u00e9cnicas e comerciais, podendo assim oferecer um melhor servi\u00e7o aos nossos clientes, informa\u00e7\u00f5es e\/ou documenta\u00e7\u00e3o dos produtos e\/ou servi\u00e7os solicitados pelo utilizador e\/ou comercializados pela ALBADIA DESARROLLO S.L. atrav\u00e9s de v\u00e1rios meios, incluindo electr\u00f3nicos (correio electr\u00f3nico e telefonia m\u00f3vel), podendo opor-se ao tratamento dos seus dados pessoais para estes fins.<\/p>\n","protected":false},"excerpt":{"rendered":"<p>Identidade do propriet\u00e1rio do s\u00edtio web Em cumprimento da obriga\u00e7\u00e3o geral de informa\u00e7\u00e3o contida no artigo 10\u00ba da Lei 34\/2002, de 11 de Julho, sobre servi\u00e7os da sociedade da informa\u00e7\u00e3o e com\u00e9rcio electr\u00f3nico, e na Lei Org\u00e2nica 15\/1999, de 13 de Dezembro, sobre Protec\u00e7\u00e3o de Dados, informamos que os dados de identifica\u00e7\u00e3o do propriet\u00e1rio do&hellip;<\/p>\n","protected":false},"author":1,"featured_media":0,"parent":0,"menu_order":0,"comment_status":"closed","ping_status":"closed","template":"","meta":[],"_links":{"self":[{"href":"https:\/\/albadia.es\/pt-pt\/wp-json\/wp\/v2\/pages\/4351"}],"collection":[{"href":"https:\/\/albadia.es\/pt-pt\/wp-json\/wp\/v2\/pages"}],"about":[{"href":"https:\/\/albadia.es\/pt-pt\/wp-json\/wp\/v2\/types\/page"}],"author":[{"embeddable":true,"href":"https:\/\/albadia.es\/pt-pt\/wp-json\/wp\/v2\/users\/1"}],"replies":[{"embeddable":true,"href":"https:\/\/albadia.es\/pt-pt\/wp-json\/wp\/v2\/comments?post=4351"}],"version-history":[{"count":5,"href":"https:\/\/albadia.es\/pt-pt\/wp-json\/wp\/v2\/pages\/4351\/revisions"}],"predecessor-version":[{"id":4578,"href":"https:\/\/albadia.es\/pt-pt\/wp-json\/wp\/v2\/pages\/4351\/revisions\/4578"}],"wp:attachment":[{"href":"https:\/\/albadia.es\/pt-pt\/wp-json\/wp\/v2\/media?parent=4351"}],"curies":[{"name":"wp","href":"https:\/\/api.w.org\/{rel}","templated":true}]}}