{"id":4357,"date":"2021-11-16T17:31:47","date_gmt":"2021-11-16T16:31:47","guid":{"rendered":"https:\/\/albadia.es\/politica-de-privacidad\/"},"modified":"2022-04-26T21:26:54","modified_gmt":"2022-04-26T20:26:54","slug":"politica-de-privacidade","status":"publish","type":"page","link":"https:\/\/albadia.es\/pt-pt\/politica-de-privacidade\/","title":{"rendered":"Pol\u00edtica de Privacidade"},"content":{"rendered":"<p>Em conformidade com o Regulamento (UE) 2016\/679 do Parlamento Europeu e do Conselho, de 27 de Abril de 2016, relativo \u00e0 protec\u00e7\u00e3o das pessoas singulares no que diz respeito ao tratamento de dados pessoais, que revoga a Directiva 95\/46\/CE (a seguir, GDPR), da Lei 34\/2002, de 11 de Julho, sobre servi\u00e7os da sociedade da informa\u00e7\u00e3o e com\u00e9rcio electr\u00f3nico (adiante, LSSI-CE) e da Lei Org\u00e2nica 3\/2018, sobre a Protec\u00e7\u00e3o de Dados Pessoais e garantia de direitos digitais (adiante, LOPDGDD), Albadia Desarrollo, S. L. garante a protec\u00e7\u00e3o e confidencialidade dos dados pessoais de qualquer tipo fornecidos pelos nossos clientes, em conformidade com as disposi\u00e7\u00f5es do Regulamento Geral sobre a Protec\u00e7\u00e3o de Dados Pessoais.<\/p>\n<p>Os dados fornecidos ser\u00e3o tratados nos termos estabelecidos no RGPD, neste sentido Albadia Desarrollo, S.L. adoptou os n\u00edveis de protec\u00e7\u00e3o legalmente requeridos, e instalou todas as medidas t\u00e9cnicas ao seu alcance para evitar a perda, m\u00e1 utiliza\u00e7\u00e3o, altera\u00e7\u00e3o, acesso n\u00e3o autorizado por terceiros, tal como a seguir se indica. Contudo, o utilizador deve estar consciente de que as medidas de seguran\u00e7a na Internet n\u00e3o s\u00e3o inexpugn\u00e1veis.<\/p>\n<p><strong>Respons\u00e1vel pelo processamento<\/strong><\/p>\n<p>ALBADIA DESARROLLO , S.L.<br \/>\nC\/ Valle de Esteribar 2<br \/>\n<span style=\"word-spacing: normal;\">28692 VILLANUEVA DE LA CA\u00d1ADA-MADRID<br \/>\n<\/span><span style=\"word-spacing: normal;\">CIF: B86257078<br \/>\n<\/span><span style=\"word-spacing: normal;\">Telefone: +34 917 140 844<br \/>\n<\/span><span style=\"word-spacing: normal;\">E-mail: info@albadia.es<\/span><\/p>\n<p><strong>Finalidade do processamento<\/strong><\/p>\n<p>Todos os dados fornecidos pelos nossos clientes e\/ou visitantes do website de Albadia Desarrollo, S.L. ou pelo seu pessoal ser\u00e3o inclu\u00eddos no registo de actividades de tratamento de dados pessoais, criado e mantido sob a responsabilidade de Albadia Desarrollo, S.L., que \u00e9 essencial para prestar os servi\u00e7os solicitados pelos utilizadores, ou para resolver quaisquer d\u00favidas ou quest\u00f5es levantadas pelos nossos visitantes. A nossa pol\u00edtica n\u00e3o \u00e9 a de criar perfis dos utilizadores dos nossos servi\u00e7os.<\/p>\n<p><strong>Legitimidade do tratamento<br \/>\n<\/strong><\/p>\n<p>Rela\u00e7\u00e3o contratual: Esta \u00e9 a que se aplica quando compra um dos nossos produtos ou contrata um dos nossos servi\u00e7os.<\/p>\n<p>Interesse leg\u00edtimo: Para lidar com as quest\u00f5es e reclama\u00e7\u00f5es que nos apresenta e para gerir a cobran\u00e7a dos montantes em d\u00edvida.<\/p>\n<p>O seu consentimento: Se \u00e9 utilizador do nosso website, ao assinalar a caixa no formul\u00e1rio de contacto, autoriza-nos a enviar-lhe as comunica\u00e7\u00f5es necess\u00e1rias para responder \u00e0 sua consulta ou pedido de informa\u00e7\u00e3o.<\/p>\n<p><strong>Destinat\u00e1rios<\/strong><\/p>\n<p>N\u00e3o transmitimos os seus dados pessoais a ningu\u00e9m, com excep\u00e7\u00e3o das entidades p\u00fablicas ou privadas \u00e0s quais somos obrigados a fornecer os seus dados pessoais, a fim de cumprir qualquer lei. Por exemplo, a Lei Fiscal obriga-nos a fornecer \u00e0 Ag\u00eancia Tribut\u00e1ria certas informa\u00e7\u00f5es sobre transac\u00e7\u00f5es financeiras que excedam um determinado montante.<\/p>\n<p>No caso de, para al\u00e9m dos casos acima mencionados, precisarmos de divulgar as suas informa\u00e7\u00f5es pessoais a outras entidades, solicitaremos a sua autoriza\u00e7\u00e3o pr\u00e9via atrav\u00e9s de op\u00e7\u00f5es claras que lhe permitir\u00e3o decidir a este respeito.<\/p>\n<p><strong>Comunica\u00e7\u00e3o<\/strong><\/p>\n<p>N\u00e3o faremos transfer\u00eancias internacionais dos seus dados pessoais para nenhuma das finalidades acima referidas.<\/p>\n<p><strong>Reten\u00e7\u00e3o<\/strong><\/p>\n<p>Apenas guardaremos os seus dados pessoais durante o tempo necess\u00e1rio para atingir os fins para os quais foram recolhidos. Ao determinar o per\u00edodo de reten\u00e7\u00e3o adequado, consideramos os riscos envolvidos no processamento, bem como as nossas obriga\u00e7\u00f5es contratuais, legais e regulamentares, pol\u00edticas internas de reten\u00e7\u00e3o de dados e os nossos leg\u00edtimos interesses comerciais, tal como descritos na presente Nota de Privacidade e Pol\u00edtica de Cookie.<\/p>\n<p>Neste sentido, Albadia Desarrollo, S.L. manter\u00e1 os dados pessoais uma vez terminada a sua rela\u00e7\u00e3o consigo, devidamente bloqueada, durante o per\u00edodo de limita\u00e7\u00e3o das ac\u00e7\u00f5es que possam derivar da rela\u00e7\u00e3o mantida com a parte interessada.<\/p>\n<p>Uma vez bloqueados, os seus dados ser\u00e3o inacess\u00edveis a Albadia Desarrollo, S.L., e n\u00e3o ser\u00e3o processados excepto para os colocar \u00e0 disposi\u00e7\u00e3o das Administra\u00e7\u00f5es P\u00fablicas, Ju\u00edzes e Tribunais, para a aten\u00e7\u00e3o de poss\u00edveis responsabilidades decorrentes do processamento, bem como para o exerc\u00edcio e defesa de reclama\u00e7\u00f5es perante a Ag\u00eancia Espanhola de Protec\u00e7\u00e3o de Dados.<\/p>\n<p><strong>Seguran\u00e7a<\/strong><\/p>\n<p>Utilizamos todos os esfor\u00e7os razo\u00e1veis para manter a confidencialidade das informa\u00e7\u00f5es pessoais processadas nos nossos sistemas. Mantemos n\u00edveis rigorosos de seguran\u00e7a para proteger os dados pessoais que processamos contra a perda acidental e contra o acesso, processamento ou divulga\u00e7\u00e3o n\u00e3o autorizados, tendo em conta o estado da tecnologia e a natureza e os riscos a que os dados est\u00e3o expostos. No entanto, n\u00e3o podemos ser respons\u00e1veis pela sua utiliza\u00e7\u00e3o dos dados (incluindo o seu nome de utilizador e palavra-passe) que utiliza no nosso website. O nosso pessoal segue regras estritas de privacidade e, quando empregamos terceiros para prestar servi\u00e7os de apoio, exigimos que estes cumpram as mesmas regras e permitimos a auditoria do seu cumprimento.<\/p>\n<p><strong>Os seus direitos<\/strong><\/p>\n<p>Note-se que pode exercer os seguintes direitos:<\/p>\n<p>Direito de acesso aos seus dados pessoais, para saber que dados pessoais est\u00e3o a ser tratados e as opera\u00e7\u00f5es de tratamento efectuadas sobre os mesmos;<\/p>\n<p>O direito de rectificar quaisquer dados pessoais incorrectos;<\/p>\n<p>Direito de apagar os seus dados pessoais, sempre que tal seja poss\u00edvel (por exemplo, por lei);<\/p>\n<p>O direito de restringir o tratamento dos seus dados pessoais quando a exactid\u00e3o, legalidade ou necessidade do tratamento de dados estiver em d\u00favida, caso em que poderemos reter os dados para efeitos de persegui\u00e7\u00e3o ou defesa de reclama\u00e7\u00f5es.<\/p>\n<p>O direito de oposi\u00e7\u00e3o ao tratamento dos seus dados pessoais, quando a base legal que nos permite process\u00e1-los \u00e9 o nosso leg\u00edtimo interesse. &#8220;Company_Name&#8221; deixar\u00e1 de processar os seus dados, a menos que tenha um interesse leg\u00edtimo ou que seja necess\u00e1rio para a defesa de reclama\u00e7\u00f5es.<\/p>\n<p>Direito \u00e0 portabilidade dos seus dados, quando a base legal que nos permite process\u00e1-los \u00e9 a exist\u00eancia de uma rela\u00e7\u00e3o contratual ou o seu consentimento.<\/p>\n<p>O direito de revogar o consentimento dado a Albadia Desarrollo, S.L.<\/p>\n<p>Para exercer os seus direitos, pode faz\u00ea-lo gratuitamente e em qualquer altura, contactando-nos atrav\u00e9s do n\u00famero 20-22 Wenlock Road, juntando uma c\u00f3pia do seu cart\u00e3o de identifica\u00e7\u00e3o.<\/p>\n<p><strong>Tutela dos direitos<\/strong><\/p>\n<p>Caso sinta que os seus direitos foram desrespeitados pela nossa entidade, pode apresentar uma queixa junto da Ag\u00eancia Espanhola de Protec\u00e7\u00e3o de Dados, por qualquer um dos seguintes meios:<\/p>\n<p>S\u00edtio electr\u00f3nico: https:\/\/www.aepd.es<\/p>\n<p>Correio postal: Agencia Espa\u00f1ola de Protecci\u00f3n de Datos, C\/ Jorge Juan, 6, 28001, Madrid<\/p>\n<p>Telefone: 901.100.099 y 912.663.517<\/p>\n<p>Apresentar uma queixa \u00e0 Ag\u00eancia Espanhola de Protec\u00e7\u00e3o de Dados n\u00e3o implica qualquer custo e a assist\u00eancia de um advogado ou solicitador n\u00e3o \u00e9 necess\u00e1ria.<\/p>\n<p><strong>Actualiza\u00e7\u00f5es<\/strong><\/p>\n<p>Albadia Desarrollo, S.L. reserva-se o direito de modificar esta pol\u00edtica a fim de a adaptar a novos desenvolvimentos legais ou jurisprudenciais que possam afectar o seu cumprimento.<\/p>\n","protected":false},"excerpt":{"rendered":"<p>Em conformidade com o Regulamento (UE) 2016\/679 do Parlamento Europeu e do Conselho, de 27 de Abril de 2016, relativo \u00e0 protec\u00e7\u00e3o das pessoas singulares no que diz respeito ao tratamento de dados pessoais, que revoga a Directiva 95\/46\/CE (a seguir, GDPR), da Lei 34\/2002, de 11 de Julho, sobre servi\u00e7os da sociedade da informa\u00e7\u00e3o&hellip;<\/p>\n","protected":false},"author":2,"featured_media":0,"parent":0,"menu_order":0,"comment_status":"closed","ping_status":"closed","template":"","meta":[],"_links":{"self":[{"href":"https:\/\/albadia.es\/pt-pt\/wp-json\/wp\/v2\/pages\/4357"}],"collection":[{"href":"https:\/\/albadia.es\/pt-pt\/wp-json\/wp\/v2\/pages"}],"about":[{"href":"https:\/\/albadia.es\/pt-pt\/wp-json\/wp\/v2\/types\/page"}],"author":[{"embeddable":true,"href":"https:\/\/albadia.es\/pt-pt\/wp-json\/wp\/v2\/users\/2"}],"replies":[{"embeddable":true,"href":"https:\/\/albadia.es\/pt-pt\/wp-json\/wp\/v2\/comments?post=4357"}],"version-history":[{"count":6,"href":"https:\/\/albadia.es\/pt-pt\/wp-json\/wp\/v2\/pages\/4357\/revisions"}],"predecessor-version":[{"id":4581,"href":"https:\/\/albadia.es\/pt-pt\/wp-json\/wp\/v2\/pages\/4357\/revisions\/4581"}],"wp:attachment":[{"href":"https:\/\/albadia.es\/pt-pt\/wp-json\/wp\/v2\/media?parent=4357"}],"curies":[{"name":"wp","href":"https:\/\/api.w.org\/{rel}","templated":true}]}}