{"id":4390,"date":"2021-11-16T17:33:11","date_gmt":"2021-11-16T16:33:11","guid":{"rendered":"https:\/\/albadia.es\/tus-datos-personales\/"},"modified":"2022-04-04T20:49:42","modified_gmt":"2022-04-04T19:49:42","slug":"os-seus-dados-pessoais","status":"publish","type":"page","link":"https:\/\/albadia.es\/pt-pt\/os-seus-dados-pessoais\/","title":{"rendered":"Os seus dados pessoais"},"content":{"rendered":"<p>Desde este apartado puedes acceder a la informaci\u00f3n guardada en este sitio; ejercer tu derecho a ser olvidado; ejercer tu derecho a rectificaci\u00f3n y modificaci\u00f3n de datos.<\/p>\n\n<div class=\"ct-ultimate-gdpr-container ct-ultimate-gdpr-my-account  ct-ultimate-gdpr-simple-form\">\n\n\t\n    <div id=\"tabs\">\n        <ul>\n                        <li>\n                <a href=\"#tabs-1\">\n\t\t\t\t\tAcesso aos dados pessoais                <\/a>\n            <\/li>\n            <li>\n                <a href=\"#tabs-2\">\n\t\t\t\t\tDireito ao Esquecimento                <\/a>\n            <\/li>\n            <li>\n                <a href=\"#tabs-3\">\n\t\t\t\t\tRetifica\u00e7\u00e3o                <\/a>\n            <\/li>\n\t\t\t                <li>\n                    <a href=\"#tabs-4\">\n\t\t\t\t\t\tCancelar subscri\u00e7\u00e3o                    <\/a>\n                <\/li>\n\t\t\t        <\/ul>\n\n        \n        <div id=\"tabs-1\">\n\n            <div class=\"ct-headerContent\">\n\t\t\t\tAbaixo, voc\u00ea pode solicitar seus dados pessoais coletados por este site, enviados para voc\u00ea por e-mail.            <\/div>\n\n            <form id=\"ct-ultimate-gdpr-data-access\" method=\"post\">\n                <label for=\"ct-ultimate-gdpr-email\">O email:<\/label>\n\t\t\t\t                    <input type=\"email\" name=\"ct-ultimate-gdpr-email\" value=\"\" required=\"\" id=\"ct-ultimate-gdpr-email\">\n\t\t\t\t                <label for=\"ct-ultimate-gdpr-consent-data-access\">\n                    <input type=\"checkbox\" id=\"ct-ultimate-gdpr-consent-data-access\"\n                           name=\"ct-ultimate-gdpr-consent-data-access\" required=\"\">\n                    <span class=\"ct-checkbox\"><\/span>\n\t\t\t\t\tEu concordo que o meu e-mail seja registado para receber os meus dados. Confira a p\u00e1gina de Pol\u00edticas de Privacidade para mais informa\u00e7\u00f5es.                <\/label>\n\t\t\t\t\n\t\t\t\t\n                <input type=\"hidden\" name=\"ct-ultimate-gdpr-request-url\" value=\"https:\/\/albadia.es\/pt-pt\/os-seus-dados-pessoais\/\"\/>\n                <input type=\"submit\" name=\"ct-ultimate-gdpr-data-access-submit\"\n                       value=\"Solicitar\">\n\n            <\/form>\n        <\/div>\n\n        <div id=\"tabs-2\">\n            <div class=\"ct-headerContent\">\n                <p>Removal of your data will not limit in any way the system functionalities<\/p>                Abaixo, voc\u00ea pode procurar servi\u00e7os que coletam seus dados pessoais neste site. Verifique os servi\u00e7os pelos quais voc\u00ea deseja ser esquecido. Isso enviar\u00e1 uma solicita\u00e7\u00e3o ao administrador do site. Voc\u00ea ser\u00e1 notificado por e-mail assim que isso for feito. &quot;            <\/div>\n\n            <form id=\"ct-ultimate-gdpr-forget\" method=\"post\">\n\n                <div class=\"ct-ultimate-gdpr-services-list\">\n\n\t\t\t\t\t                            <div class=\"ct-ultimate-gdpr-service-options\">\n                                <div class=\"ct-ultimate-gdpr-service-option\">\n                                    <input type=\"checkbox\" name=\"ct-ultimate-gdpr-service-forget[]\"\n                                           value=\"wp_comments\">\n                                    <span class=\"ct-checkbox\"><\/span>\n                                <\/div>\n                                <div class=\"ct-ultimate-gdpr-service-details\">\n                                    <div class=\"ct-ultimate-gdpr-service-title\">WP Comments<\/div>\n                                    <div class=\"ct-ultimate-gdpr-service-description\">Coment\u00e1rios s\u00e3o dados inseridos pelos utilizadores nos coment\u00e1rios<\/div>\n                                <\/div>\n                            <\/div>\n\n\n\t\t\t\t\t\t                            <div class=\"ct-ultimate-gdpr-service-options\">\n                                <div class=\"ct-ultimate-gdpr-service-option\">\n                                    <input type=\"checkbox\" name=\"ct-ultimate-gdpr-service-forget[]\"\n                                           value=\"wp_posts\">\n                                    <span class=\"ct-checkbox\"><\/span>\n                                <\/div>\n                                <div class=\"ct-ultimate-gdpr-service-details\">\n                                    <div class=\"ct-ultimate-gdpr-service-title\">WordPress Posts<\/div>\n                                    <div class=\"ct-ultimate-gdpr-service-description\">Envia de dados por parte do autor<\/div>\n                                <\/div>\n                            <\/div>\n\n\n\t\t\t\t\t\t                            <div class=\"ct-ultimate-gdpr-service-options\">\n                                <div class=\"ct-ultimate-gdpr-service-option\">\n                                    <input type=\"checkbox\" name=\"ct-ultimate-gdpr-service-forget[]\"\n                                           value=\"wp_user\">\n                                    <span class=\"ct-checkbox\"><\/span>\n                                <\/div>\n                                <div class=\"ct-ultimate-gdpr-service-details\">\n                                    <div class=\"ct-ultimate-gdpr-service-title\">Dados de Utilizador<\/div>\n                                    <div class=\"ct-ultimate-gdpr-service-description\">Dados de utilizador armazenados como metadados do utilizador na base de dados<\/div>\n                                <\/div>\n                            <\/div>\n\n\n\t\t\t\t\t\t\n\n                    <div class=\"ct-ultimate-gdpr-services-email\">\n\n                        <label for=\"ct-ultimate-gdpr-forget-email\">O email:<\/label>\n\t\t\t\t\t\t                            <input type=\"email\" name=\"ct-ultimate-gdpr-email\" value=\"\" required=\"\"\n                                   id=\"ct-ultimate-gdpr-forget-email\">\n\t\t\t\t\t\t                    <\/div>\n\n                    <label for=\"ct-ultimate-gdpr-consent-forget-me\">\n                        <input type=\"checkbox\" id=\"ct-ultimate-gdpr-consent-forget-me\"\n                               name=\"ct-ultimate-gdpr-consent-forget-me\" required=\"\">\n                        <span class=\"ct-checkbox\"><\/span>\n\t\t\t\t\t\tConcordo que o meu e-mail seja registado para processar essa solicita\u00e7\u00e3o. Verifique a p\u00e1gina Pol\u00edticas de Privacidade para mais informa\u00e7\u00f5es.                    <\/label>\n\t\t\t\t\t\n\t\t\t\t\t\n                    <input type=\"hidden\" name=\"ct-ultimate-gdpr-request-url\" value=\"https:\/\/albadia.es\/pt-pt\/os-seus-dados-pessoais\/\"\/>\n                    <input type=\"submit\" class=\"ct-ultimate-gdpr-forget-submitBtn\" name=\"ct-ultimate-gdpr-forget-submit\"\n                           value=\"Solicitar\">\n\n\n                <\/div>\n\n            <\/form>\n        <\/div>\n\n        <div id=\"tabs-3\">\n            <div class=\"ct-headerContent\">\n\t\t\t\tAbaixo, voc\u00ea pode enviar uma solicita\u00e7\u00e3o para que seus dados sejam corrigidos pelo administrador do site. Digite o que voc\u00ea gostaria de corrigir. Voc\u00ea ser\u00e1 notificado por e-mail assim que isso for feito.            <\/div>\n\n            <form id=\"ct-ultimate-gdpr-rectification\" method=\"post\">\n\n                <div class=\"ct-ultimate-gdpr-services-email\">\n\n                    <label for=\"ct-ultimate-gdpr-rectification-data-current\" class=\"ct-u-display-block\">\n\t\t\t\t\t\tDados atuais                    <\/label>\n                    <textarea\n                            name=\"ct-ultimate-gdpr-rectification-data-current\"\n                            rows=\"5\"\n                            required\n                            id=\"ct-ultimate-gdpr-rectification-data-current\"\n                    ><\/textarea>\n\n                <\/div>\n\n                <div class=\"ct-ultimate-gdpr-services-email\">\n\n                    <label for=\"ct-ultimate-gdpr-rectification-data-rectified\" class=\"ct-u-display-block\">\n\t\t\t\t\t\tDados Retificados                    <\/label>\n                    <textarea\n                            name=\"ct-ultimate-gdpr-rectification-data-rectified\"\n                            rows=\"5\"\n                            required\n                            id=\"ct-ultimate-gdpr-rectification-data-rectified\"\n                    ><\/textarea>\n\n                <\/div>\n\n                <div class=\"ct-ultimate-gdpr-services-email\">\n\n                    <label for=\"ct-ultimate-gdpr-rectify-email\">O email:<\/label>\n\t\t\t\t\t                        <input\n                                type=\"email\"\n                                name=\"ct-ultimate-gdpr-email\"\n                                value=\"\"\n                                required=\"\"\n                                id=\"ct-ultimate-gdpr-rectify-email\"\n                        >\n\t\t\t\t\t                <\/div>\n\n                <label for=\"ct-ultimate-gdpr-consent-data-rectification\">\n                    <input type=\"checkbox\" id=\"ct-ultimate-gdpr-consent-data-rectification\"\n                           name=\"ct-ultimate-gdpr-consent-data-rectification\" required=\"\">\n                    <span class=\"ct-checkbox ct-ultimate-gdpr-simple-form\"><\/span>\n\t\t\t\t\tConcordo que o meu e-mail seja registado para processar essa solicita\u00e7\u00e3o. Verifique a p\u00e1gina Pol\u00edticas de Privacidade para mais informa\u00e7\u00f5es.                <\/label>\n\t\t\t\t\n\t\t\t\t\n                <input type=\"hidden\" name=\"ct-ultimate-gdpr-request-url\" value=\"https:\/\/albadia.es\/pt-pt\/os-seus-dados-pessoais\/\"\/>\n                <input type=\"submit\" class=\"ct-ultimate-gdpr-forget-submitBtn\"\n                       name=\"ct-ultimate-gdpr-rectification-submit\"\n                       value=\"Solicitar\">\n\n\n            <\/form>\n        <\/div>\n\t\t            <div id=\"tabs-4\">\n                <div class=\"ct-headerContent\">\n                    <p>Removal of your data will not limit in any way the system functionalities<\/p>                    Abaixo, voc\u00ea pode procurar servi\u00e7os que inscrevem usu\u00e1rios em boletins informativos. Verifique os servi\u00e7os de quais boletins voc\u00ea deseja cancelar sua inscri\u00e7\u00e3o. A assinatura ser\u00e1 interrompida imediatamente.                <\/div>\n                <form id=\"ct-ultimate-gdpr-unsubscribe\" method=\"post\">\n                    <div class=\"ct-ultimate-gdpr-services-list\">\n\t\t\t\t\t\t                                <div class=\"ct-ultimate-gdpr-service-options\">\n                                    <div class=\"ct-ultimate-gdpr-service-option\">\n                                        <input type=\"checkbox\" name=\"ct-ultimate-gdpr-service-unsubscribe[]\"\n                                               value=\"sell_personal_data\">\n                                        <span class=\"ct-checkbox\"><\/span>\n                                    <\/div>\n                                    <div class=\"ct-ultimate-gdpr-service-details\">\n                                        <div class=\"ct-ultimate-gdpr-service-title\">Do not sell my information<\/div>\n                                        <div class=\"ct-ultimate-gdpr-service-description\">Request not to sell personal information<\/div>\n                                    <\/div>\n                                <\/div>\n\t\t\t\t\t\t\t                        <div class=\"ct-ultimate-gdpr-services-email\">\n                            <label for=\"ct-ultimate-gdpr-unsubscribe-email\">O email:<\/label>\n\t\t\t\t\t\t\t                                <input type=\"email\" name=\"ct-ultimate-gdpr-email\" value=\"\" required=\"\"\n                                       id=\"ct-ultimate-gdpr-unsubscribe-email\">\n\t\t\t\t\t\t\t                        <\/div>\n                        <label for=\"ct-ultimate-gdpr-consent-unsubscribe\">\n                            <input type=\"checkbox\" id=\"ct-ultimate-gdpr-consent-unsubscribe\"\n                                   name=\"ct-ultimate-gdpr-consent-unsubscribe\" required=\"\">\n                            <span class=\"ct-checkbox\"><\/span>\n\t\t\t\t\t\t\tConcordo que o meu e-mail seja registado para processar essa solicita\u00e7\u00e3o. Verifique a p\u00e1gina Pol\u00edticas de Privacidade para mais informa\u00e7\u00f5es.                        <\/label>\n\t\t\t\t\t\t\t\t\t\t\t\t                        <input type=\"hidden\" name=\"ct-ultimate-gdpr-request-url\" value=\"https:\/\/albadia.es\/pt-pt\/os-seus-dados-pessoais\/\"\/>\n                        <input type=\"submit\" class=\"ct-ultimate-gdpr-unsubscribe-submitBtn\"\n                               name=\"ct-ultimate-gdpr-unsubscribe-submit\"\n                               value=\"Solicitar\">\n                    <\/div>\n                <\/form>\n            <\/div>\n\t\t    <\/div>\n\n<\/div>\n","protected":false},"excerpt":{"rendered":"<p>Desde este apartado puedes acceder a la informaci\u00f3n guardada en este sitio; ejercer tu derecho a ser olvidado; ejercer tu derecho a rectificaci\u00f3n y modificaci\u00f3n de datos.<\/p>\n","protected":false},"author":2,"featured_media":0,"parent":0,"menu_order":0,"comment_status":"closed","ping_status":"closed","template":"","meta":[],"_links":{"self":[{"href":"https:\/\/albadia.es\/pt-pt\/wp-json\/wp\/v2\/pages\/4390"}],"collection":[{"href":"https:\/\/albadia.es\/pt-pt\/wp-json\/wp\/v2\/pages"}],"about":[{"href":"https:\/\/albadia.es\/pt-pt\/wp-json\/wp\/v2\/types\/page"}],"author":[{"embeddable":true,"href":"https:\/\/albadia.es\/pt-pt\/wp-json\/wp\/v2\/users\/2"}],"replies":[{"embeddable":true,"href":"https:\/\/albadia.es\/pt-pt\/wp-json\/wp\/v2\/comments?post=4390"}],"version-history":[{"count":1,"href":"https:\/\/albadia.es\/pt-pt\/wp-json\/wp\/v2\/pages\/4390\/revisions"}],"predecessor-version":[{"id":4540,"href":"https:\/\/albadia.es\/pt-pt\/wp-json\/wp\/v2\/pages\/4390\/revisions\/4540"}],"wp:attachment":[{"href":"https:\/\/albadia.es\/pt-pt\/wp-json\/wp\/v2\/media?parent=4390"}],"curies":[{"name":"wp","href":"https:\/\/api.w.org\/{rel}","templated":true}]}}